{"id":6098,"date":"2024-09-18T17:01:03","date_gmt":"2024-09-18T15:01:03","guid":{"rendered":"http:\/\/canix.cat\/?page_id=6098"},"modified":"2024-10-25T21:45:50","modified_gmt":"2024-10-25T19:45:50","slug":"politica-de-cookies","status":"publish","type":"page","link":"https:\/\/canix.cat\/es\/politica-de-cookies\/","title":{"rendered":"Pol\u00edtica de cookies"},"content":{"rendered":"<div data-elementor-type=\"wp-page\" data-elementor-id=\"6098\" class=\"elementor elementor-6098\" data-elementor-post-type=\"page\">\n\t\t\t\t\t\t<section class=\"elementor-section elementor-top-section elementor-element elementor-element-36f6b2eb elementor-section-boxed elementor-section-height-default elementor-section-height-default\" data-id=\"36f6b2eb\" data-element_type=\"section\" data-e-type=\"section\" data-settings=\"{&quot;background_background&quot;:&quot;classic&quot;}\">\n\t\t\t\t\t\t<div class=\"elementor-container elementor-column-gap-default\">\n\t\t\t\t\t<div class=\"elementor-column elementor-col-100 elementor-top-column elementor-element elementor-element-1fbad591\" data-id=\"1fbad591\" data-element_type=\"column\" data-e-type=\"column\">\n\t\t\t<div class=\"elementor-widget-wrap elementor-element-populated\">\n\t\t\t\t\t\t<div class=\"elementor-element elementor-element-6a10764c elementor-icon-list--layout-inline elementor-align-center elementor-list-item-link-full_width elementor-widget elementor-widget-icon-list\" data-id=\"6a10764c\" data-element_type=\"widget\" data-e-type=\"widget\" data-widget_type=\"icon-list.default\">\n\t\t\t\t<div class=\"elementor-widget-container\">\n\t\t\t\t\t\t\t<ul class=\"elementor-icon-list-items elementor-inline-items\">\n\t\t\t\t\t\t\t<li class=\"elementor-icon-list-item elementor-inline-item\">\n\t\t\t\t\t\t\t\t\t\t\t<a href=\"https:\/\/canix.cat\/es\">\n\n\t\t\t\t\t\t\t\t\t\t\t<span class=\"elementor-icon-list-text\">Inicio<\/span>\n\t\t\t\t\t\t\t\t\t\t\t<\/a>\n\t\t\t\t\t\t\t\t\t<\/li>\n\t\t\t\t\t\t\t\t<li class=\"elementor-icon-list-item elementor-inline-item\">\n\t\t\t\t\t\t\t\t\t\t\t<span class=\"elementor-icon-list-icon\">\n\t\t\t\t\t\t\t<i aria-hidden=\"true\" class=\"mdi mdi-slash-forward\"><\/i>\t\t\t\t\t\t<\/span>\n\t\t\t\t\t\t\t\t\t\t<span class=\"elementor-icon-list-text\"><\/span>\n\t\t\t\t\t\t\t\t\t<\/li>\n\t\t\t\t\t\t<\/ul>\n\t\t\t\t\t\t<\/div>\n\t\t\t\t<\/div>\n\t\t\t\t\t<\/div>\n\t\t<\/div>\n\t\t\t\t\t<\/div>\n\t\t<\/section>\n\t\t\t\t<section class=\"elementor-section elementor-top-section elementor-element elementor-element-17ce0c65 elementor-section-boxed elementor-section-height-default elementor-section-height-default\" data-id=\"17ce0c65\" data-element_type=\"section\" data-e-type=\"section\">\n\t\t\t\t\t\t<div class=\"elementor-container elementor-column-gap-default\">\n\t\t\t\t\t<div class=\"elementor-column elementor-col-100 elementor-top-column elementor-element elementor-element-8092860\" data-id=\"8092860\" data-element_type=\"column\" data-e-type=\"column\">\n\t\t\t<div class=\"elementor-widget-wrap elementor-element-populated\">\n\t\t\t\t\t\t<div class=\"elementor-element elementor-element-3fd7a5d elementor-widget elementor-widget-text-editor\" data-id=\"3fd7a5d\" data-element_type=\"widget\" data-e-type=\"widget\" data-widget_type=\"text-editor.default\">\n\t\t\t\t<div class=\"elementor-widget-container\">\n\t\t\t\t\t\t\t\t\t<p><strong>Pol\u00edtica de cookies<\/strong><\/p><p>En CANIX utilizamos las cookies u otros archivos de funcionalidad similar (en adelante, cookies) que almacenan y recuperan informaci\u00f3n cuando navegas. En general, estas tecnolog\u00edas pueden servir para finalidades muy diversas, como reconocerte como usuario, obtener informaci\u00f3n sobre tus h\u00e1bitos de navegaci\u00f3n, o personalizar la forma en que se muestra el contenido.<\/p><p>El objetivo de esta pol\u00edtica es informarle de forma clara y detallada de qu\u00e9 es una cookie, cu\u00e1l es su finalidad, qu\u00e9 tipo de cookies utilizamos y c\u00f3mo configurarlas o en su caso deshabilitarlas.<\/p><p><strong>\u00bfQu\u00e9 son las cookies?<\/strong><\/p><p>Una cookie es un peque\u00f1o archivo de texto que se almacena en su navegador cuando visita nuestra p\u00e1gina web y que guarda informaci\u00f3n sobre la navegaci\u00f3n que realiza para hacer m\u00e1s eficiente la experiencia de usuario. Algunas cookies resultan esenciales para el buen funcionamiento de las p\u00e1ginas web, como es el caso de las cookies t\u00e9cnicas o de personalizaci\u00f3n de la interfaz de usuario, aunque otras, como las cookies de an\u00e1lisis o las de publicidad comportamental, requieren que os informamos y pedir el consentimiento sobre su uso.<\/p><p><strong>A continuaci\u00f3n, y con el objetivo de que pueda prestar un consentimiento plenamente informado, le detallamos la informaci\u00f3n de en qu\u00e9 consiste y cu\u00e1l es la finalidad de cada tipo de cookie:<\/strong><\/p><p>Las cookies t\u00e9cnicas: son aquellas que permiten al usuario la navegaci\u00f3n a trav\u00e9s de una p\u00e1gina web, plataforma o aplicaci\u00f3n y la utilizaci\u00f3n de las diferentes opciones o servicios existentes, incluyendo la gesti\u00f3n y operativa de la p\u00e1gina web y habilitar sus funciones y servicios, como identificar la sesi\u00f3n, acceder a partes de acceso restringido, recordar los elementos que integran un pedido, realizar el proceso de compra de un pedido, gestionar el pago, \u2026 La p\u00e1gina web no puede funcionar adecuadamente sin estas cookies por lo que se consideran necesarias.<\/p><p>Las cookies de preferencias o personalizaci\u00f3n: permiten a la p\u00e1gina web recordar informaci\u00f3n que cambia la forma en que la p\u00e1gina se comporta o el aspecto que tiene de forma que el usuario acceda al servicio con determinadas caracter\u00edsticas que pueden diferenciar su experiencia de la otros usuarios, como el idioma, el n\u00famero de resultados a mostrar cuando el usuario realiza una b\u00fasqueda o la regi\u00f3n donde el usuario se encuentra. Si es el propio usuario quien elige estas caracter\u00edsticas, por ejemplo, marcando la bandera del idioma, se considera un servicio expresamente solicitado siempre que las cookies obedezcan exclusivamente a la finalidad seleccionada de personalizaci\u00f3n.<\/p><p>Las cookies de an\u00e1lisis o medida: son aquellas que, tratadas por nosotros o por terceros, nos permiten cuantificar el n\u00famero de usuarios y as\u00ed realizar la medici\u00f3n y el an\u00e1lisis estad\u00edstico de la utilizaci\u00f3n que hacen los usuarios del servicio ofrecido. Por eso se analiza su navegaci\u00f3n en nuestra p\u00e1gina web para mejorar la oferta de productos o servicios que le ofrecemos.<\/p><p>Las cookies de marketing o publicidad comportamental: almacenan informaci\u00f3n del comportamiento de los usuarios obtenida a trav\u00e9s de la observaci\u00f3n continuada de sus h\u00e1bitos de navegaci\u00f3n, lo que permite desarrollar un perfil espec\u00edfico para mostrar anuncios relevantes y atractivos para el usuario individual y, por tanto , m\u00e1s valiosos para los terceros anunciantes.<\/p><p><b>\u00bfPor qu\u00e9 utiliza las cookies esta p\u00e1gina web y cu\u00e1les son?<\/b><\/p><p>El detalle de las cookies utilizadas en esta p\u00e1gina web es el siguiente:<\/p><p>Ejemplo:<\/p><p>Elementor. Uso: utilizamos elemento para creaci\u00f3n de contenido \/ Funci\u00f3n: Guardar acciones realizadas por usuarios en el sitio web. Tipo: Estad\u00edstica an\u00f3nimas<br \/>WordPress. Uso: Usamos wordpress para desarrollo de sitios web \/ Funci\u00f3n: guardar detalles del navegador \/ Tipo: funcional.<br \/>Google Fuentes. Uso: Usamos Goolge Fuentes para mostrar fuentes web \/ Funci\u00f3n: Solicitar direcci\u00f3n IP del usuario \/ Tipo: Terceros<\/p><p>\u00a0<\/p><p>Nota: las cookies de tipo \u201cPropias\u201d son utilizadas s\u00f3lo por el propietario de esta web y las cookies \u201cde Terceros\u201d son utilizadas, tambi\u00e9n, por el prestador del servicio que est\u00e1 detallado en el cuadro anterior.<\/p><p>Para las cookies de an\u00e1lisis y de publicidad necesitamos su consentimiento que podremos obtener si pulsa el bot\u00f3n \u201cAcepto\u201d en el mensaje de informaci\u00f3n que se muestra al acceder a nuestra p\u00e1gina web.<\/p><p>Si desactiva las cookies, podr\u00e1 continuar accediendo a la web pero puede que la navegaci\u00f3n por \u00e9sta no sea \u00f3ptima y alguno de los servicios ofrecidos no funcionen correctamente.<\/p><p>Si en un futuro CANIX llegara a utilizar tipos de cookies diferentes a las contempladas en esta Pol\u00edtica de Cookies para prestar nuevos servicios o fuera necesario adaptarla a nuevas exigencias legislativas, se lo notificaremos.<\/p><p><b>\u00bfC\u00f3mo puedo desactivar o eliminar las cookies?<\/b><\/p><p>Tenga en cuenta que, si acepta las cookies de terceros, debe eliminarlas desde las opciones del navegador o desde el sistema ofrecido por el mismo tercero. Puede permitir, bloquear o eliminar las cookies instaladas en su equipo mediante la configuraci\u00f3n de las opciones del navegador instalado en su ordenador.<\/p><p>Microsoft Internet Explorer: men\u00fa Herramientas &gt; Opciones de Internet &gt; Privacidad &gt; Configuraci\u00f3n.<br \/>Firefox: men\u00fa Herramientas &gt; Opciones &gt; Privacidad &gt; Cookies.<br \/>Chrome: men\u00fa Opciones &gt; Opciones avanzadas &gt; Privacidad.<br \/>Safari: men\u00fa Preferencias\/Privacidad.<br \/>Safari para IOS (iPhone e iPad): Opci\u00f3n Ajustes &gt; Safari<br \/>Chrome para Android: Configuraci\u00f3n &gt; Configuraci\u00f3n de sitios web &gt; Cookies<br \/>Otros navegadores: consulte la documentaci\u00f3n del navegador que tenga instalado.<\/p><p><b>Transferencias de datos a terceros pa\u00edses<\/b><\/p><p>Puedes informarte de las transferencias a terceros pa\u00edses que, en su caso, realizan los terceros identificados en esta pol\u00edtica de cookies en sus correspondientes pol\u00edticas (ver los enlaces facilitados en el apartado \u201cCookies de terceros\u201d).<\/p><p><b>Elaboraci\u00f3n de perfiles<\/b><\/p><p>No se elaborar\u00e1 ning\u00fan tipo de perfil sobre la base de la informaci\u00f3n facilitada ni se tomar\u00e1n decisiones automatizadas sobre la base de perfiles. (Si se elaborar\u00e1 informaci\u00f3n sobre la base de perfiles deber\u00eda indicarse detalladamente su uso).<\/p><p><b>Periodo de conservaci\u00f3n de los datos<\/b><\/p><p>Los datos obtenidos a trav\u00e9s de las cookies se conservar\u00e1n por un per\u00edodo m\u00e1ximo de 24 meses, despu\u00e9s de este per\u00edodo volveremos a pedir su consentimiento.<\/p><p><b>Derechos de los interesados<\/b><\/p><p>Usted podr\u00e1 obtener m\u00e1s informaci\u00f3n sobre el tratamiento de datos de car\u00e1cter personal y de c\u00f3mo ejercitar sus derechos consultado nuestra pol\u00edtica de privacidad.<\/p><p>AVISO: El responsable deber\u00e1 rellenar la tabla arriba incluida indicando, para todas y cada una de las cookies que utiliza en su web, los datos relativos a cada uno de los campos consignados.<\/p><p>AVISO: El grado de granularidad en el panel a la hora de mostrar la selecci\u00f3n de cookies deber\u00e1 valorarlo el editor del sitio web. Si bien es aconsejable que se tengan en cuenta las siguientes reglas:<\/p><p>Como m\u00ednimo, deber\u00edan agruparse las cookies para su finalidad.<br \/>En relaci\u00f3n con las cookies de terceros es suficiente con identificarlos por su nombre o por la marca con la que se identifican de cara al p\u00fablico, sin incluir la denominaci\u00f3n social completa.<\/p><p>Debe evitarse el grado m\u00e1ximo de granularidad (selecci\u00f3n cookie a cookie), ya que el exceso de informaci\u00f3n dificulta la toma de decisiones.<br \/>AVISO: Se recomienda como mejor pr\u00e1ctica la renovaci\u00f3n del consentimiento a intervalos apropiados. La Agencia considera buena pr\u00e1ctica que la validez del consentimiento prestado por un usuario para el uso de una cookie determinada no tenga una duraci\u00f3n superior a 24 meses y que durante ese tiempo se conserve la selecci\u00f3n realizada por el usuario sobre sus preferencias.<\/p>\t\t\t\t\t\t\t\t<\/div>\n\t\t\t\t<\/div>\n\t\t\t\t\t<\/div>\n\t\t<\/div>\n\t\t\t\t\t<\/div>\n\t\t<\/section>\n\t\t\t\t<\/div>","protected":false},"excerpt":{"rendered":"<p>Inici Pol\u00edtica de cookies A CANIX utilitzem les cookies o altres arxius de funcionalitat similar (d&#8217;ara endavant, cookies) que emmagatzemen i recuperen informaci\u00f3 quan navegues. En general, aquestes tecnologies poden [&hellip;]<\/p>\n","protected":false},"author":3,"featured_media":0,"parent":0,"menu_order":0,"comment_status":"closed","ping_status":"closed","template":"elementor_header_footer","meta":{"_joinchat":[],"footnotes":""},"class_list":["post-6098","page","type-page","status-publish","hentry"],"yoast_head":"<!-- This site is optimized with the Yoast SEO plugin v27.5 - https:\/\/yoast.com\/product\/yoast-seo-wordpress\/ -->\n<title>Pol\u00edtica de cookies - CaniX<\/title>\n<meta name=\"robots\" content=\"index, follow, max-snippet:-1, max-image-preview:large, max-video-preview:-1\" \/>\n<link rel=\"canonical\" href=\"https:\/\/canix.cat\/es\/politica-de-cookies\/\" \/>\n<meta property=\"og:locale\" content=\"es_ES\" \/>\n<meta property=\"og:type\" content=\"article\" \/>\n<meta property=\"og:title\" content=\"Pol\u00edtica de cookies - CaniX\" \/>\n<meta property=\"og:description\" content=\"Inici Pol\u00edtica de cookies A CANIX utilitzem les cookies o altres arxius de funcionalitat similar (d&#8217;ara endavant, cookies) que emmagatzemen i recuperen informaci\u00f3 quan navegues. En general, aquestes tecnologies poden [&hellip;]\" \/>\n<meta property=\"og:url\" content=\"https:\/\/canix.cat\/es\/politica-de-cookies\/\" \/>\n<meta property=\"og:site_name\" content=\"CaniX\" \/>\n<meta property=\"article:publisher\" content=\"https:\/\/www.facebook.com\/canixcat\" \/>\n<meta property=\"article:modified_time\" content=\"2024-10-25T19:45:50+00:00\" \/>\n<meta name=\"twitter:card\" content=\"summary_large_image\" \/>\n<meta name=\"twitter:label1\" content=\"Tiempo de lectura\" \/>\n\t<meta name=\"twitter:data1\" content=\"6 minutos\" \/>\n<script type=\"application\/ld+json\" class=\"yoast-schema-graph\">{\"@context\":\"https:\\\/\\\/schema.org\",\"@graph\":[{\"@type\":\"WebPage\",\"@id\":\"https:\\\/\\\/canix.cat\\\/politica-de-cookies\\\/\",\"url\":\"https:\\\/\\\/canix.cat\\\/politica-de-cookies\\\/\",\"name\":\"Pol\u00edtica de cookies - CaniX\",\"isPartOf\":{\"@id\":\"https:\\\/\\\/canix.cat\\\/#website\"},\"datePublished\":\"2024-09-18T15:01:03+00:00\",\"dateModified\":\"2024-10-25T19:45:50+00:00\",\"breadcrumb\":{\"@id\":\"https:\\\/\\\/canix.cat\\\/politica-de-cookies\\\/#breadcrumb\"},\"inLanguage\":\"es\",\"potentialAction\":[{\"@type\":\"ReadAction\",\"target\":[\"https:\\\/\\\/canix.cat\\\/politica-de-cookies\\\/\"]}]},{\"@type\":\"BreadcrumbList\",\"@id\":\"https:\\\/\\\/canix.cat\\\/politica-de-cookies\\\/#breadcrumb\",\"itemListElement\":[{\"@type\":\"ListItem\",\"position\":1,\"name\":\"Portada\",\"item\":\"https:\\\/\\\/canix.cat\\\/\"},{\"@type\":\"ListItem\",\"position\":2,\"name\":\"Pol\u00edtica de cookies\"}]},{\"@type\":\"WebSite\",\"@id\":\"https:\\\/\\\/canix.cat\\\/#website\",\"url\":\"https:\\\/\\\/canix.cat\\\/\",\"name\":\"CaniX\",\"description\":\"Equipament per a gossos esportistes\",\"publisher\":{\"@id\":\"https:\\\/\\\/canix.cat\\\/#organization\"},\"potentialAction\":[{\"@type\":\"SearchAction\",\"target\":{\"@type\":\"EntryPoint\",\"urlTemplate\":\"https:\\\/\\\/canix.cat\\\/?s={search_term_string}\"},\"query-input\":{\"@type\":\"PropertyValueSpecification\",\"valueRequired\":true,\"valueName\":\"search_term_string\"}}],\"inLanguage\":\"es\"},{\"@type\":\"Organization\",\"@id\":\"https:\\\/\\\/canix.cat\\\/#organization\",\"name\":\"CaniX\",\"url\":\"https:\\\/\\\/canix.cat\\\/\",\"logo\":{\"@type\":\"ImageObject\",\"inLanguage\":\"es\",\"@id\":\"https:\\\/\\\/canix.cat\\\/#\\\/schema\\\/logo\\\/image\\\/\",\"url\":\"https:\\\/\\\/canix.cat\\\/wp-content\\\/uploads\\\/2024\\\/11\\\/logo-canix-sardinian-1.png\",\"contentUrl\":\"https:\\\/\\\/canix.cat\\\/wp-content\\\/uploads\\\/2024\\\/11\\\/logo-canix-sardinian-1.png\",\"width\":350,\"height\":201,\"caption\":\"CaniX\"},\"image\":{\"@id\":\"https:\\\/\\\/canix.cat\\\/#\\\/schema\\\/logo\\\/image\\\/\"},\"sameAs\":[\"https:\\\/\\\/www.facebook.com\\\/canixcat\",\"https:\\\/\\\/www.instagram.com\\\/canixcat\"]}]}<\/script>\n<!-- \/ Yoast SEO plugin. -->","yoast_head_json":{"title":"Pol\u00edtica de cookies - CaniX","robots":{"index":"index","follow":"follow","max-snippet":"max-snippet:-1","max-image-preview":"max-image-preview:large","max-video-preview":"max-video-preview:-1"},"canonical":"https:\/\/canix.cat\/es\/politica-de-cookies\/","og_locale":"es_ES","og_type":"article","og_title":"Pol\u00edtica de cookies - CaniX","og_description":"Inici Pol\u00edtica de cookies A CANIX utilitzem les cookies o altres arxius de funcionalitat similar (d&#8217;ara endavant, cookies) que emmagatzemen i recuperen informaci\u00f3 quan navegues. En general, aquestes tecnologies poden [&hellip;]","og_url":"https:\/\/canix.cat\/es\/politica-de-cookies\/","og_site_name":"CaniX","article_publisher":"https:\/\/www.facebook.com\/canixcat","article_modified_time":"2024-10-25T19:45:50+00:00","twitter_card":"summary_large_image","twitter_misc":{"Tiempo de lectura":"6 minutos"},"schema":{"@context":"https:\/\/schema.org","@graph":[{"@type":"WebPage","@id":"https:\/\/canix.cat\/politica-de-cookies\/","url":"https:\/\/canix.cat\/politica-de-cookies\/","name":"Pol\u00edtica de cookies - CaniX","isPartOf":{"@id":"https:\/\/canix.cat\/#website"},"datePublished":"2024-09-18T15:01:03+00:00","dateModified":"2024-10-25T19:45:50+00:00","breadcrumb":{"@id":"https:\/\/canix.cat\/politica-de-cookies\/#breadcrumb"},"inLanguage":"es","potentialAction":[{"@type":"ReadAction","target":["https:\/\/canix.cat\/politica-de-cookies\/"]}]},{"@type":"BreadcrumbList","@id":"https:\/\/canix.cat\/politica-de-cookies\/#breadcrumb","itemListElement":[{"@type":"ListItem","position":1,"name":"Portada","item":"https:\/\/canix.cat\/"},{"@type":"ListItem","position":2,"name":"Pol\u00edtica de cookies"}]},{"@type":"WebSite","@id":"https:\/\/canix.cat\/#website","url":"https:\/\/canix.cat\/","name":"CaniX","description":"Equipamiento para perros deportistas","publisher":{"@id":"https:\/\/canix.cat\/#organization"},"potentialAction":[{"@type":"SearchAction","target":{"@type":"EntryPoint","urlTemplate":"https:\/\/canix.cat\/?s={search_term_string}"},"query-input":{"@type":"PropertyValueSpecification","valueRequired":true,"valueName":"search_term_string"}}],"inLanguage":"es"},{"@type":"Organization","@id":"https:\/\/canix.cat\/#organization","name":"CaniX","url":"https:\/\/canix.cat\/","logo":{"@type":"ImageObject","inLanguage":"es","@id":"https:\/\/canix.cat\/#\/schema\/logo\/image\/","url":"https:\/\/canix.cat\/wp-content\/uploads\/2024\/11\/logo-canix-sardinian-1.png","contentUrl":"https:\/\/canix.cat\/wp-content\/uploads\/2024\/11\/logo-canix-sardinian-1.png","width":350,"height":201,"caption":"CaniX"},"image":{"@id":"https:\/\/canix.cat\/#\/schema\/logo\/image\/"},"sameAs":["https:\/\/www.facebook.com\/canixcat","https:\/\/www.instagram.com\/canixcat"]}]}},"_links":{"self":[{"href":"https:\/\/canix.cat\/es\/wp-json\/wp\/v2\/pages\/6098","targetHints":{"allow":["GET"]}}],"collection":[{"href":"https:\/\/canix.cat\/es\/wp-json\/wp\/v2\/pages"}],"about":[{"href":"https:\/\/canix.cat\/es\/wp-json\/wp\/v2\/types\/page"}],"author":[{"embeddable":true,"href":"https:\/\/canix.cat\/es\/wp-json\/wp\/v2\/users\/3"}],"replies":[{"embeddable":true,"href":"https:\/\/canix.cat\/es\/wp-json\/wp\/v2\/comments?post=6098"}],"version-history":[{"count":19,"href":"https:\/\/canix.cat\/es\/wp-json\/wp\/v2\/pages\/6098\/revisions"}],"predecessor-version":[{"id":6237,"href":"https:\/\/canix.cat\/es\/wp-json\/wp\/v2\/pages\/6098\/revisions\/6237"}],"wp:attachment":[{"href":"https:\/\/canix.cat\/es\/wp-json\/wp\/v2\/media?parent=6098"}],"curies":[{"name":"wp","href":"https:\/\/api.w.org\/{rel}","templated":true}]}}