{"id":6445,"date":"2025-02-14T11:34:49","date_gmt":"2025-02-14T10:34:49","guid":{"rendered":"https:\/\/canix.cat\/?post_type=product&#038;p=6445"},"modified":"2026-02-23T22:42:07","modified_gmt":"2026-02-23T21:42:07","slug":"arnes-canicros-race","status":"publish","type":"product","link":"https:\/\/canix.cat\/es\/product\/arnes-canicros-race\/","title":{"rendered":"Arn\u00e9s Canicr\u00f3s Race"},"content":{"rendered":"<p data-start=\"0\" data-end=\"55\"><strong data-start=\"0\" data-end=\"53\">Arn\u00e9s de Canicross para competici\u00f3n y entrenamientos<\/strong><\/p>\n<p data-start=\"57\" data-end=\"389\">El<strong data-start=\"59\" data-end=\"83\">Arn\u00e9s Canicross Race<\/strong> es la opci\u00f3n ideal para deportistas que buscan <strong data-start=\"131\" data-end=\"173\">m\u00e1ximo rendimiento, comodidad y seguridad<\/strong> en la pr\u00e1ctica del canicross. Su dise\u00f1o ergon\u00f3mico permite la <strong data-start=\"239\" data-end=\"282\">m\u00e1xima extensi\u00f3n de las patas delanteras<\/strong>, asegurando una tracci\u00f3n eficiente desde el pecho hasta el inicio de la cola, donde se enlaza con la l\u00ednea de disparo.<\/p>\n<h5 data-start=\"391\" data-end=\"429\"><strong data-start=\"395\" data-end=\"427\">Caracter\u00edsticas principales:<\/strong><\/h5>\n<p data-start=\"430\" data-end=\"553\">\u2714 <strong data-start=\"432\" data-end=\"465\">Dise\u00f1o ergon\u00f3mico y funcional<\/strong>: Distribuye la fuerza de tracci\u00f3n de forma uniforme, optimizando el movimiento del perro.<\/p>\n<p data-start=\"723\" data-end=\"845\">\u2714 <strong data-start=\"725\" data-end=\"752\">Visibilidad y seguridad<\/strong>: Incorpora <strong data-start=\"764\" data-end=\"787\">franjas reflectantes<\/strong> para mejorar la visibilidad en condiciones de poca luz.<\/p>\n<p><img decoding=\"async\" class=\"emoji\" role=\"img\" draggable=\"false\" src=\"https:\/\/s.w.org\/images\/core\/emoji\/15.0.3\/svg\/2714.svg\" alt=\"\u2714\" \/>\u00a0<strong>Materiales de alta calidad:<\/strong><\/p>\n<ul>\n<li style=\"list-style-type: none;\">\n<ul>\n<li>Forro suave en la cara interna para mayor comodidad.<\/li>\n<li>Interior acolchado para evitar rozamientos y garantizar el m\u00e1ximo confort.<\/li>\n<li>Tejido de poli\u00e9ster en varios colores (a escoger por el cliente).<\/li>\n<\/ul>\n<\/li>\n<\/ul>\n<p data-start=\"1260\" data-end=\"1353\" data-is-last-node=\"\">\ud83c\udfc3\u200d\u2642\ufe0f \u00a1El mejor arn\u00e9s para disfrutar del canicross con seguridad, comodidad y libertad! \ud83d\udc15\ud83d\udd25<\/p>\n<p><img decoding=\"async\" class=\"emoji\" role=\"img\" draggable=\"false\" src=\"https:\/\/s.w.org\/images\/core\/emoji\/15.0.3\/svg\/1f4cf.svg\" alt=\"\ud83d\udccf\" \/>\u00a0<strong>\u00bfC\u00f3mo tomar el tama\u00f1o correctamente?<\/strong><br \/>\nMide la circunferencia del cuello, el t\u00f3rax, el estern\u00f3n y la longitud desde la cruz al inicio de la cola de tu perro con una cinta m\u00e9trica de costura. Si no tienes cinta, puedes utilizar un cordel y despu\u00e9s medir el cordel con una regla o cinta r\u00edgida.<\/p>\n<p><img decoding=\"async\" class=\"emoji\" role=\"img\" draggable=\"false\" src=\"https:\/\/s.w.org\/images\/core\/emoji\/15.0.3\/svg\/1f3a8.svg\" alt=\"\ud83c\udfa8\" \/>\u00a0<strong>Consulta los colores disponibles a continuaci\u00f3n:<\/strong><\/p>","protected":false},"excerpt":{"rendered":"<p data-start=\"0\" data-end=\"55\"><strong data-start=\"0\" data-end=\"53\">Arn\u00e9s de Canicross para competici\u00f3n y entrenamiento<\/strong><\/p>\n<p data-start=\"57\" data-end=\"389\">El<strong data-start=\"59\" data-end=\"83\">Arn\u00e9s Canicross Race<\/strong> es la opci\u00f3n ideal para deportistas que buscan <strong data-start=\"131\" data-end=\"173\">m\u00e1ximo rendimiento, comodidad y seguridad<\/strong> en la pr\u00e1ctica del canicross. Su dise\u00f1o ergon\u00f3mico permite la <strong data-start=\"239\" data-end=\"282\">m\u00e1xima extensi\u00f3n de las patas delanteras<\/strong>, asegurando una tracci\u00f3n eficiente desde el pecho hasta el inicio de la cola, donde se enlaza con la l\u00ednea de disparo.<\/p>","protected":false},"featured_media":6482,"comment_status":"open","ping_status":"closed","template":"","meta":{"_joinchat":[]},"product_brand":[],"product_cat":[28,44],"product_tag":[176,159,95,93,163,173,96],"class_list":{"0":"post-6445","1":"product","2":"type-product","3":"status-publish","4":"has-post-thumbnail","6":"product_cat-arnesos","7":"product_cat-arnesos-de-canicross","8":"product_tag-arnes-de-tir","9":"product_tag-bikejoring","10":"product_tag-canibtt","11":"product_tag-canicros","12":"product_tag-canicross","13":"product_tag-competicio","14":"product_tag-muixing","15":"tm-no-options-pxq","17":"first","18":"instock","19":"taxable","20":"shipping-taxable","21":"purchasable","22":"product-type-variable"},"yoast_head":"<!-- This site is optimized with the Yoast SEO plugin v27.5 - https:\/\/yoast.com\/product\/yoast-seo-wordpress\/ -->\n<title>Arn\u00e8s Canicr\u00f2s Race - CaniX - Arn\u00e8s de tir per a m\u00faixing i canicross<\/title>\n<meta name=\"description\" content=\"Arn\u00e8s de Canicross per a competici\u00f3 i entrenament. El seu disseny ergon\u00f2mic permet la m\u00e0xima extensi\u00f3 de les potes davanteres, assegurant una tracci\u00f3 eficient des del pit fins a l\u2019inici de la cua, on s\u2019enlla\u00e7a amb la l\u00ednia de tir.\" \/>\n<meta name=\"robots\" content=\"index, follow, max-snippet:-1, max-image-preview:large, max-video-preview:-1\" \/>\n<link rel=\"canonical\" href=\"https:\/\/canix.cat\/es\/producto\/arnes-canicros-race\/\" \/>\n<meta property=\"og:locale\" content=\"es_ES\" \/>\n<meta property=\"og:type\" content=\"article\" \/>\n<meta property=\"og:title\" content=\"Arn\u00e8s Canicr\u00f2s Race - CaniX - Arn\u00e8s de tir per a m\u00faixing i canicross\" \/>\n<meta property=\"og:description\" content=\"Arn\u00e8s de Canicross per a competici\u00f3 i entrenament. El seu disseny ergon\u00f2mic permet la m\u00e0xima extensi\u00f3 de les potes davanteres, assegurant una tracci\u00f3 eficient des del pit fins a l\u2019inici de la cua, on s\u2019enlla\u00e7a amb la l\u00ednia de tir.\" \/>\n<meta property=\"og:url\" content=\"https:\/\/canix.cat\/es\/producto\/arnes-canicros-race\/\" \/>\n<meta property=\"og:site_name\" content=\"CaniX\" \/>\n<meta property=\"article:publisher\" content=\"https:\/\/www.facebook.com\/canixcat\" \/>\n<meta property=\"article:modified_time\" content=\"2026-02-23T21:42:07+00:00\" \/>\n<meta property=\"og:image\" content=\"https:\/\/canix.cat\/wp-content\/uploads\/2024\/10\/01-Imbrago-Faster-Canix-3-600x400-1.jpg\" \/>\n\t<meta property=\"og:image:width\" content=\"600\" \/>\n\t<meta property=\"og:image:height\" content=\"400\" \/>\n\t<meta property=\"og:image:type\" content=\"image\/jpeg\" \/>\n<meta name=\"twitter:card\" content=\"summary_large_image\" \/>\n<meta name=\"twitter:label1\" content=\"Tiempo de lectura\" \/>\n\t<meta name=\"twitter:data1\" content=\"2 minutos\" \/>\n<script type=\"application\/ld+json\" class=\"yoast-schema-graph\">{\"@context\":\"https:\\\/\\\/schema.org\",\"@graph\":[{\"@type\":\"WebPage\",\"@id\":\"https:\\\/\\\/canix.cat\\\/producte\\\/arnes-canicros-race\\\/\",\"url\":\"https:\\\/\\\/canix.cat\\\/producte\\\/arnes-canicros-race\\\/\",\"name\":\"Arn\u00e8s Canicr\u00f2s Race - CaniX - Arn\u00e8s de tir per a m\u00faixing i canicross\",\"isPartOf\":{\"@id\":\"https:\\\/\\\/canix.cat\\\/#website\"},\"primaryImageOfPage\":{\"@id\":\"https:\\\/\\\/canix.cat\\\/producte\\\/arnes-canicros-race\\\/#primaryimage\"},\"image\":{\"@id\":\"https:\\\/\\\/canix.cat\\\/producte\\\/arnes-canicros-race\\\/#primaryimage\"},\"thumbnailUrl\":\"https:\\\/\\\/canix.cat\\\/wp-content\\\/uploads\\\/2024\\\/10\\\/01-Imbrago-Faster-Canix-3-600x400-1.jpg\",\"datePublished\":\"2025-02-14T10:34:49+00:00\",\"dateModified\":\"2026-02-23T21:42:07+00:00\",\"description\":\"Arn\u00e8s de Canicross per a competici\u00f3 i entrenament. El seu disseny ergon\u00f2mic permet la m\u00e0xima extensi\u00f3 de les potes davanteres, assegurant una tracci\u00f3 eficient des del pit fins a l\u2019inici de la cua, on s\u2019enlla\u00e7a amb la l\u00ednia de tir.\",\"breadcrumb\":{\"@id\":\"https:\\\/\\\/canix.cat\\\/producte\\\/arnes-canicros-race\\\/#breadcrumb\"},\"inLanguage\":\"es\",\"potentialAction\":[{\"@type\":\"ReadAction\",\"target\":[\"https:\\\/\\\/canix.cat\\\/producte\\\/arnes-canicros-race\\\/\"]}]},{\"@type\":\"ImageObject\",\"inLanguage\":\"es\",\"@id\":\"https:\\\/\\\/canix.cat\\\/producte\\\/arnes-canicros-race\\\/#primaryimage\",\"url\":\"https:\\\/\\\/canix.cat\\\/wp-content\\\/uploads\\\/2024\\\/10\\\/01-Imbrago-Faster-Canix-3-600x400-1.jpg\",\"contentUrl\":\"https:\\\/\\\/canix.cat\\\/wp-content\\\/uploads\\\/2024\\\/10\\\/01-Imbrago-Faster-Canix-3-600x400-1.jpg\",\"width\":600,\"height\":400},{\"@type\":\"BreadcrumbList\",\"@id\":\"https:\\\/\\\/canix.cat\\\/producte\\\/arnes-canicros-race\\\/#breadcrumb\",\"itemListElement\":[{\"@type\":\"ListItem\",\"position\":1,\"name\":\"Portada\",\"item\":\"https:\\\/\\\/canix.cat\\\/\"},{\"@type\":\"ListItem\",\"position\":2,\"name\":\"Botiga\",\"item\":\"https:\\\/\\\/canix.cat\\\/botiga\\\/\"},{\"@type\":\"ListItem\",\"position\":3,\"name\":\"Arn\u00e8s Canicr\u00f2s Race\"}]},{\"@type\":\"WebSite\",\"@id\":\"https:\\\/\\\/canix.cat\\\/#website\",\"url\":\"https:\\\/\\\/canix.cat\\\/\",\"name\":\"CaniX\",\"description\":\"Equipament per a gossos esportistes\",\"publisher\":{\"@id\":\"https:\\\/\\\/canix.cat\\\/#organization\"},\"potentialAction\":[{\"@type\":\"SearchAction\",\"target\":{\"@type\":\"EntryPoint\",\"urlTemplate\":\"https:\\\/\\\/canix.cat\\\/?s={search_term_string}\"},\"query-input\":{\"@type\":\"PropertyValueSpecification\",\"valueRequired\":true,\"valueName\":\"search_term_string\"}}],\"inLanguage\":\"es\"},{\"@type\":\"Organization\",\"@id\":\"https:\\\/\\\/canix.cat\\\/#organization\",\"name\":\"CaniX\",\"url\":\"https:\\\/\\\/canix.cat\\\/\",\"logo\":{\"@type\":\"ImageObject\",\"inLanguage\":\"es\",\"@id\":\"https:\\\/\\\/canix.cat\\\/#\\\/schema\\\/logo\\\/image\\\/\",\"url\":\"https:\\\/\\\/canix.cat\\\/wp-content\\\/uploads\\\/2024\\\/11\\\/logo-canix-sardinian-1.png\",\"contentUrl\":\"https:\\\/\\\/canix.cat\\\/wp-content\\\/uploads\\\/2024\\\/11\\\/logo-canix-sardinian-1.png\",\"width\":350,\"height\":201,\"caption\":\"CaniX\"},\"image\":{\"@id\":\"https:\\\/\\\/canix.cat\\\/#\\\/schema\\\/logo\\\/image\\\/\"},\"sameAs\":[\"https:\\\/\\\/www.facebook.com\\\/canixcat\",\"https:\\\/\\\/www.instagram.com\\\/canixcat\"]}]}<\/script>\n<!-- \/ Yoast SEO plugin. -->","yoast_head_json":{"title":"Arn\u00e9s Canicr\u00f3s Race - CaniX - Arn\u00e9s de tiro para mushing y canicross","description":"Arn\u00e9s de Canicross para competici\u00f3n y entrenamiento. Su dise\u00f1o ergon\u00f3mico permite la m\u00e1xima extensi\u00f3n de las patas delanteras, asegurando una tracci\u00f3n eficiente desde el pecho hasta el inicio de la cola, donde se enlaza con la l\u00ednea de disparo.","robots":{"index":"index","follow":"follow","max-snippet":"max-snippet:-1","max-image-preview":"max-image-preview:large","max-video-preview":"max-video-preview:-1"},"canonical":"https:\/\/canix.cat\/es\/producto\/arnes-canicros-race\/","og_locale":"es_ES","og_type":"article","og_title":"Arn\u00e8s Canicr\u00f2s Race - CaniX - Arn\u00e8s de tir per a m\u00faixing i canicross","og_description":"Arn\u00e8s de Canicross per a competici\u00f3 i entrenament. El seu disseny ergon\u00f2mic permet la m\u00e0xima extensi\u00f3 de les potes davanteres, assegurant una tracci\u00f3 eficient des del pit fins a l\u2019inici de la cua, on s\u2019enlla\u00e7a amb la l\u00ednia de tir.","og_url":"https:\/\/canix.cat\/es\/producto\/arnes-canicros-race\/","og_site_name":"CaniX","article_publisher":"https:\/\/www.facebook.com\/canixcat","article_modified_time":"2026-02-23T21:42:07+00:00","og_image":[{"width":600,"height":400,"url":"https:\/\/canix.cat\/wp-content\/uploads\/2024\/10\/01-Imbrago-Faster-Canix-3-600x400-1.jpg","type":"image\/jpeg"}],"twitter_card":"summary_large_image","twitter_misc":{"Tiempo de lectura":"2 minutos"},"schema":{"@context":"https:\/\/schema.org","@graph":[{"@type":"WebPage","@id":"https:\/\/canix.cat\/producte\/arnes-canicros-race\/","url":"https:\/\/canix.cat\/producte\/arnes-canicros-race\/","name":"Arn\u00e9s Canicr\u00f3s Race - CaniX - Arn\u00e9s de tiro para mushing y canicross","isPartOf":{"@id":"https:\/\/canix.cat\/#website"},"primaryImageOfPage":{"@id":"https:\/\/canix.cat\/producte\/arnes-canicros-race\/#primaryimage"},"image":{"@id":"https:\/\/canix.cat\/producte\/arnes-canicros-race\/#primaryimage"},"thumbnailUrl":"https:\/\/canix.cat\/wp-content\/uploads\/2024\/10\/01-Imbrago-Faster-Canix-3-600x400-1.jpg","datePublished":"2025-02-14T10:34:49+00:00","dateModified":"2026-02-23T21:42:07+00:00","description":"Arn\u00e9s de Canicross para competici\u00f3n y entrenamiento. Su dise\u00f1o ergon\u00f3mico permite la m\u00e1xima extensi\u00f3n de las patas delanteras, asegurando una tracci\u00f3n eficiente desde el pecho hasta el inicio de la cola, donde se enlaza con la l\u00ednea de disparo.","breadcrumb":{"@id":"https:\/\/canix.cat\/producte\/arnes-canicros-race\/#breadcrumb"},"inLanguage":"es","potentialAction":[{"@type":"ReadAction","target":["https:\/\/canix.cat\/producte\/arnes-canicros-race\/"]}]},{"@type":"ImageObject","inLanguage":"es","@id":"https:\/\/canix.cat\/producte\/arnes-canicros-race\/#primaryimage","url":"https:\/\/canix.cat\/wp-content\/uploads\/2024\/10\/01-Imbrago-Faster-Canix-3-600x400-1.jpg","contentUrl":"https:\/\/canix.cat\/wp-content\/uploads\/2024\/10\/01-Imbrago-Faster-Canix-3-600x400-1.jpg","width":600,"height":400},{"@type":"BreadcrumbList","@id":"https:\/\/canix.cat\/producte\/arnes-canicros-race\/#breadcrumb","itemListElement":[{"@type":"ListItem","position":1,"name":"Portada","item":"https:\/\/canix.cat\/"},{"@type":"ListItem","position":2,"name":"Botiga","item":"https:\/\/canix.cat\/botiga\/"},{"@type":"ListItem","position":3,"name":"Arn\u00e8s Canicr\u00f2s Race"}]},{"@type":"WebSite","@id":"https:\/\/canix.cat\/#website","url":"https:\/\/canix.cat\/","name":"CaniX","description":"Equipamiento para perros deportistas","publisher":{"@id":"https:\/\/canix.cat\/#organization"},"potentialAction":[{"@type":"SearchAction","target":{"@type":"EntryPoint","urlTemplate":"https:\/\/canix.cat\/?s={search_term_string}"},"query-input":{"@type":"PropertyValueSpecification","valueRequired":true,"valueName":"search_term_string"}}],"inLanguage":"es"},{"@type":"Organization","@id":"https:\/\/canix.cat\/#organization","name":"CaniX","url":"https:\/\/canix.cat\/","logo":{"@type":"ImageObject","inLanguage":"es","@id":"https:\/\/canix.cat\/#\/schema\/logo\/image\/","url":"https:\/\/canix.cat\/wp-content\/uploads\/2024\/11\/logo-canix-sardinian-1.png","contentUrl":"https:\/\/canix.cat\/wp-content\/uploads\/2024\/11\/logo-canix-sardinian-1.png","width":350,"height":201,"caption":"CaniX"},"image":{"@id":"https:\/\/canix.cat\/#\/schema\/logo\/image\/"},"sameAs":["https:\/\/www.facebook.com\/canixcat","https:\/\/www.instagram.com\/canixcat"]}]}},"_links":{"self":[{"href":"https:\/\/canix.cat\/es\/wp-json\/wp\/v2\/product\/6445","targetHints":{"allow":["GET"]}}],"collection":[{"href":"https:\/\/canix.cat\/es\/wp-json\/wp\/v2\/product"}],"about":[{"href":"https:\/\/canix.cat\/es\/wp-json\/wp\/v2\/types\/product"}],"replies":[{"embeddable":true,"href":"https:\/\/canix.cat\/es\/wp-json\/wp\/v2\/comments?post=6445"}],"version-history":[{"count":15,"href":"https:\/\/canix.cat\/es\/wp-json\/wp\/v2\/product\/6445\/revisions"}],"predecessor-version":[{"id":8624,"href":"https:\/\/canix.cat\/es\/wp-json\/wp\/v2\/product\/6445\/revisions\/8624"}],"wp:featuredmedia":[{"embeddable":true,"href":"https:\/\/canix.cat\/es\/wp-json\/wp\/v2\/media\/6482"}],"wp:attachment":[{"href":"https:\/\/canix.cat\/es\/wp-json\/wp\/v2\/media?parent=6445"}],"wp:term":[{"taxonomy":"product_brand","embeddable":true,"href":"https:\/\/canix.cat\/es\/wp-json\/wp\/v2\/product_brand?post=6445"},{"taxonomy":"product_cat","embeddable":true,"href":"https:\/\/canix.cat\/es\/wp-json\/wp\/v2\/product_cat?post=6445"},{"taxonomy":"product_tag","embeddable":true,"href":"https:\/\/canix.cat\/es\/wp-json\/wp\/v2\/product_tag?post=6445"}],"curies":[{"name":"wp","href":"https:\/\/api.w.org\/{rel}","templated":true}]}}