{"id":6536,"date":"2024-11-22T12:35:32","date_gmt":"2024-11-22T11:35:32","guid":{"rendered":"https:\/\/canix.cat\/?post_type=product&#038;p=6536"},"modified":"2026-02-23T22:42:07","modified_gmt":"2026-02-23T21:42:07","slug":"linia-canicros","status":"publish","type":"product","link":"https:\/\/canix.cat\/es\/product\/linia-canicros\/","title":{"rendered":"L\u00ednea Canicr\u00f3s"},"content":{"rendered":"<p>Nuestra l\u00ednea de canicross es el accesorio esencial para conectarte con tu perro durante la pr\u00e1ctica de este deporte. Fabricada con polietileno trenzado de alta calidad, destaca por su <strong>excelente resistencia a la tracci\u00f3n ya la abrasi\u00f3n<\/strong>, garantizando durabilidad incluso en las condiciones m\u00e1s exigentes.<\/p>\n<p>La l\u00ednea incorpora una parte el\u00e1stica que act\u00faa como amortiguador, reduciendo el impacto y ofreciendo una tracci\u00f3n suave tanto para ti como para tu perro, proporcionando una experiencia m\u00e1s c\u00f3moda y segura.<\/p>\n<h5><strong>Caracter\u00edsticas principales:<\/strong><\/h5>\n<p><strong>\u2714 Materiales resistentes y ligeros<\/strong>: Polietileno trenzado.<\/p>\n<p><strong>\u2714 Parte el\u00e1stica integrada<\/strong> para absorber los impactos.<\/p>\n<p><strong>\u2714 Colores personalizables<\/strong>: Escoge lo que m\u00e1s te guste para adaptarlo a tu estilo.<\/p>\n<p><strong>\u2714 Medidas reglamentarias<\/strong>: Cumple con las normativas oficiales (de 1,5m a 2,5m extendida), haci\u00e9ndola apta para competiciones locales, estatales e internacionales.<\/p>\n<p>La l\u00ednea de canicross ha sido dise\u00f1ada para garantizar seguridad, comodidad y rendimiento tanto para el pasillo como para el perro. \u00a1Escoge la tuya y disfruta al m\u00e1ximo de este deporte!<\/p>","protected":false},"excerpt":{"rendered":"<p>Nuestra l\u00ednea de canicross es el accesorio esencial para conectarte con tu perro durante la pr\u00e1ctica de este deporte. Fabricada con polietileno trenzado de alta calidad, destaca por su <strong>excelente resistencia a la tracci\u00f3n ya la abrasi\u00f3n<\/strong>, garantizando durabilidad incluso en las condiciones m\u00e1s exigentes.<\/p>\n<p>La l\u00ednea incorpora una parte el\u00e1stica que act\u00faa como amortiguador, reduciendo el impacto y ofreciendo una tracci\u00f3n suave tanto para ti como para tu perro, proporcionando una experiencia m\u00e1s c\u00f3moda y segura.<\/p>","protected":false},"featured_media":6544,"comment_status":"open","ping_status":"closed","template":"","meta":{"_joinchat":[]},"product_brand":[],"product_cat":[32],"product_tag":[93,163,162,161,94],"class_list":{"0":"post-6536","1":"product","2":"type-product","3":"status-publish","4":"has-post-thumbnail","6":"product_cat-linies-de-tir","7":"product_tag-canicros","8":"product_tag-canicross","9":"product_tag-corretja","10":"product_tag-linia-de-tir","11":"product_tag-trekking","12":"tm-no-options-pxq","14":"first","15":"instock","16":"taxable","17":"shipping-taxable","18":"purchasable","19":"product-type-variable"},"yoast_head":"<!-- This site is optimized with the Yoast SEO plugin v27.5 - https:\/\/yoast.com\/product\/yoast-seo-wordpress\/ -->\n<title>L\u00ednia Canicr\u00f2s - CaniX - L\u00ednia de tir canicross i canitrekking<\/title>\n<meta name=\"description\" content=\"L\u00ednia de canicross per connectar-te amb el teu gos durant la pr\u00e0ctica d&#039;aquest esport. Fabricada amb polietil\u00e8 trenat d&#039;alta qualitat, excel\u00b7lent resist\u00e8ncia a la tracci\u00f3 i a l&#039;abrasi\u00f3. La l\u00ednia incorpora una part el\u00e0stica que actua com a amortidor.\" \/>\n<meta name=\"robots\" content=\"index, follow, max-snippet:-1, max-image-preview:large, max-video-preview:-1\" \/>\n<link rel=\"canonical\" href=\"https:\/\/canix.cat\/es\/producto\/linia-canicros\/\" \/>\n<meta property=\"og:locale\" content=\"es_ES\" \/>\n<meta property=\"og:type\" content=\"article\" \/>\n<meta property=\"og:title\" content=\"L\u00ednia Canicr\u00f2s - CaniX - L\u00ednia de tir canicross i canitrekking\" \/>\n<meta property=\"og:description\" content=\"L\u00ednia de canicross per connectar-te amb el teu gos durant la pr\u00e0ctica d&#039;aquest esport. Fabricada amb polietil\u00e8 trenat d&#039;alta qualitat, excel\u00b7lent resist\u00e8ncia a la tracci\u00f3 i a l&#039;abrasi\u00f3. La l\u00ednia incorpora una part el\u00e0stica que actua com a amortidor.\" \/>\n<meta property=\"og:url\" content=\"https:\/\/canix.cat\/es\/producto\/linia-canicros\/\" \/>\n<meta property=\"og:site_name\" content=\"CaniX\" \/>\n<meta property=\"article:publisher\" content=\"https:\/\/www.facebook.com\/canixcat\" \/>\n<meta property=\"article:modified_time\" content=\"2026-02-23T21:42:07+00:00\" \/>\n<meta property=\"og:image\" content=\"https:\/\/canix.cat\/wp-content\/uploads\/2024\/11\/05-Linea-Bikejoring-Canix-scaled-1.jpg\" \/>\n\t<meta property=\"og:image:width\" content=\"2560\" \/>\n\t<meta property=\"og:image:height\" content=\"1707\" \/>\n\t<meta property=\"og:image:type\" content=\"image\/jpeg\" \/>\n<meta name=\"twitter:card\" content=\"summary_large_image\" \/>\n<meta name=\"twitter:label1\" content=\"Tiempo de lectura\" \/>\n\t<meta name=\"twitter:data1\" content=\"2 minutos\" \/>\n<script type=\"application\/ld+json\" class=\"yoast-schema-graph\">{\"@context\":\"https:\\\/\\\/schema.org\",\"@graph\":[{\"@type\":\"WebPage\",\"@id\":\"https:\\\/\\\/canix.cat\\\/producte\\\/linia-canicros\\\/\",\"url\":\"https:\\\/\\\/canix.cat\\\/producte\\\/linia-canicros\\\/\",\"name\":\"L\u00ednia Canicr\u00f2s - CaniX - L\u00ednia de tir canicross i canitrekking\",\"isPartOf\":{\"@id\":\"https:\\\/\\\/canix.cat\\\/#website\"},\"primaryImageOfPage\":{\"@id\":\"https:\\\/\\\/canix.cat\\\/producte\\\/linia-canicros\\\/#primaryimage\"},\"image\":{\"@id\":\"https:\\\/\\\/canix.cat\\\/producte\\\/linia-canicros\\\/#primaryimage\"},\"thumbnailUrl\":\"https:\\\/\\\/canix.cat\\\/wp-content\\\/uploads\\\/2024\\\/11\\\/05-Linea-Bikejoring-Canix-scaled-1.jpg\",\"datePublished\":\"2024-11-22T11:35:32+00:00\",\"dateModified\":\"2026-02-23T21:42:07+00:00\",\"description\":\"L\u00ednia de canicross per connectar-te amb el teu gos durant la pr\u00e0ctica d'aquest esport. Fabricada amb polietil\u00e8 trenat d'alta qualitat, excel\u00b7lent resist\u00e8ncia a la tracci\u00f3 i a l'abrasi\u00f3. La l\u00ednia incorpora una part el\u00e0stica que actua com a amortidor.\",\"breadcrumb\":{\"@id\":\"https:\\\/\\\/canix.cat\\\/producte\\\/linia-canicros\\\/#breadcrumb\"},\"inLanguage\":\"es\",\"potentialAction\":[{\"@type\":\"ReadAction\",\"target\":[\"https:\\\/\\\/canix.cat\\\/producte\\\/linia-canicros\\\/\"]}]},{\"@type\":\"ImageObject\",\"inLanguage\":\"es\",\"@id\":\"https:\\\/\\\/canix.cat\\\/producte\\\/linia-canicros\\\/#primaryimage\",\"url\":\"https:\\\/\\\/canix.cat\\\/wp-content\\\/uploads\\\/2024\\\/11\\\/05-Linea-Bikejoring-Canix-scaled-1.jpg\",\"contentUrl\":\"https:\\\/\\\/canix.cat\\\/wp-content\\\/uploads\\\/2024\\\/11\\\/05-Linea-Bikejoring-Canix-scaled-1.jpg\",\"width\":2560,\"height\":1707},{\"@type\":\"BreadcrumbList\",\"@id\":\"https:\\\/\\\/canix.cat\\\/producte\\\/linia-canicros\\\/#breadcrumb\",\"itemListElement\":[{\"@type\":\"ListItem\",\"position\":1,\"name\":\"Portada\",\"item\":\"https:\\\/\\\/canix.cat\\\/\"},{\"@type\":\"ListItem\",\"position\":2,\"name\":\"Botiga\",\"item\":\"https:\\\/\\\/canix.cat\\\/botiga\\\/\"},{\"@type\":\"ListItem\",\"position\":3,\"name\":\"L\u00ednia Canicr\u00f2s\"}]},{\"@type\":\"WebSite\",\"@id\":\"https:\\\/\\\/canix.cat\\\/#website\",\"url\":\"https:\\\/\\\/canix.cat\\\/\",\"name\":\"CaniX\",\"description\":\"Equipament per a gossos esportistes\",\"publisher\":{\"@id\":\"https:\\\/\\\/canix.cat\\\/#organization\"},\"potentialAction\":[{\"@type\":\"SearchAction\",\"target\":{\"@type\":\"EntryPoint\",\"urlTemplate\":\"https:\\\/\\\/canix.cat\\\/?s={search_term_string}\"},\"query-input\":{\"@type\":\"PropertyValueSpecification\",\"valueRequired\":true,\"valueName\":\"search_term_string\"}}],\"inLanguage\":\"es\"},{\"@type\":\"Organization\",\"@id\":\"https:\\\/\\\/canix.cat\\\/#organization\",\"name\":\"CaniX\",\"url\":\"https:\\\/\\\/canix.cat\\\/\",\"logo\":{\"@type\":\"ImageObject\",\"inLanguage\":\"es\",\"@id\":\"https:\\\/\\\/canix.cat\\\/#\\\/schema\\\/logo\\\/image\\\/\",\"url\":\"https:\\\/\\\/canix.cat\\\/wp-content\\\/uploads\\\/2024\\\/11\\\/logo-canix-sardinian-1.png\",\"contentUrl\":\"https:\\\/\\\/canix.cat\\\/wp-content\\\/uploads\\\/2024\\\/11\\\/logo-canix-sardinian-1.png\",\"width\":350,\"height\":201,\"caption\":\"CaniX\"},\"image\":{\"@id\":\"https:\\\/\\\/canix.cat\\\/#\\\/schema\\\/logo\\\/image\\\/\"},\"sameAs\":[\"https:\\\/\\\/www.facebook.com\\\/canixcat\",\"https:\\\/\\\/www.instagram.com\\\/canixcat\"]}]}<\/script>\n<!-- \/ Yoast SEO plugin. -->","yoast_head_json":{"title":"L\u00ednea Canicros - CaniX - L\u00ednea de tiro canicross y canitrekking","description":"L\u00ednea de canicross para conectarte con tu perro durante la pr\u00e1ctica de este deporte. Fabricada en polietileno trenzado de alta calidad, excelente resistencia a la tracci\u00f3n ya la abrasi\u00f3n. La l\u00ednea incorpora una parte el\u00e1stica que act\u00faa como amortiguador.","robots":{"index":"index","follow":"follow","max-snippet":"max-snippet:-1","max-image-preview":"max-image-preview:large","max-video-preview":"max-video-preview:-1"},"canonical":"https:\/\/canix.cat\/es\/producto\/linia-canicros\/","og_locale":"es_ES","og_type":"article","og_title":"L\u00ednia Canicr\u00f2s - CaniX - L\u00ednia de tir canicross i canitrekking","og_description":"L\u00ednia de canicross per connectar-te amb el teu gos durant la pr\u00e0ctica d'aquest esport. Fabricada amb polietil\u00e8 trenat d'alta qualitat, excel\u00b7lent resist\u00e8ncia a la tracci\u00f3 i a l'abrasi\u00f3. La l\u00ednia incorpora una part el\u00e0stica que actua com a amortidor.","og_url":"https:\/\/canix.cat\/es\/producto\/linia-canicros\/","og_site_name":"CaniX","article_publisher":"https:\/\/www.facebook.com\/canixcat","article_modified_time":"2026-02-23T21:42:07+00:00","og_image":[{"width":2560,"height":1707,"url":"https:\/\/canix.cat\/wp-content\/uploads\/2024\/11\/05-Linea-Bikejoring-Canix-scaled-1.jpg","type":"image\/jpeg"}],"twitter_card":"summary_large_image","twitter_misc":{"Tiempo de lectura":"2 minutos"},"schema":{"@context":"https:\/\/schema.org","@graph":[{"@type":"WebPage","@id":"https:\/\/canix.cat\/producte\/linia-canicros\/","url":"https:\/\/canix.cat\/producte\/linia-canicros\/","name":"L\u00ednea Canicros - CaniX - L\u00ednea de tiro canicross y canitrekking","isPartOf":{"@id":"https:\/\/canix.cat\/#website"},"primaryImageOfPage":{"@id":"https:\/\/canix.cat\/producte\/linia-canicros\/#primaryimage"},"image":{"@id":"https:\/\/canix.cat\/producte\/linia-canicros\/#primaryimage"},"thumbnailUrl":"https:\/\/canix.cat\/wp-content\/uploads\/2024\/11\/05-Linea-Bikejoring-Canix-scaled-1.jpg","datePublished":"2024-11-22T11:35:32+00:00","dateModified":"2026-02-23T21:42:07+00:00","description":"L\u00ednea de canicross para conectarte con tu perro durante la pr\u00e1ctica de este deporte. Fabricada en polietileno trenzado de alta calidad, excelente resistencia a la tracci\u00f3n ya la abrasi\u00f3n. La l\u00ednea incorpora una parte el\u00e1stica que act\u00faa como amortiguador.","breadcrumb":{"@id":"https:\/\/canix.cat\/producte\/linia-canicros\/#breadcrumb"},"inLanguage":"es","potentialAction":[{"@type":"ReadAction","target":["https:\/\/canix.cat\/producte\/linia-canicros\/"]}]},{"@type":"ImageObject","inLanguage":"es","@id":"https:\/\/canix.cat\/producte\/linia-canicros\/#primaryimage","url":"https:\/\/canix.cat\/wp-content\/uploads\/2024\/11\/05-Linea-Bikejoring-Canix-scaled-1.jpg","contentUrl":"https:\/\/canix.cat\/wp-content\/uploads\/2024\/11\/05-Linea-Bikejoring-Canix-scaled-1.jpg","width":2560,"height":1707},{"@type":"BreadcrumbList","@id":"https:\/\/canix.cat\/producte\/linia-canicros\/#breadcrumb","itemListElement":[{"@type":"ListItem","position":1,"name":"Portada","item":"https:\/\/canix.cat\/"},{"@type":"ListItem","position":2,"name":"Botiga","item":"https:\/\/canix.cat\/botiga\/"},{"@type":"ListItem","position":3,"name":"L\u00ednia Canicr\u00f2s"}]},{"@type":"WebSite","@id":"https:\/\/canix.cat\/#website","url":"https:\/\/canix.cat\/","name":"CaniX","description":"Equipamiento para perros deportistas","publisher":{"@id":"https:\/\/canix.cat\/#organization"},"potentialAction":[{"@type":"SearchAction","target":{"@type":"EntryPoint","urlTemplate":"https:\/\/canix.cat\/?s={search_term_string}"},"query-input":{"@type":"PropertyValueSpecification","valueRequired":true,"valueName":"search_term_string"}}],"inLanguage":"es"},{"@type":"Organization","@id":"https:\/\/canix.cat\/#organization","name":"CaniX","url":"https:\/\/canix.cat\/","logo":{"@type":"ImageObject","inLanguage":"es","@id":"https:\/\/canix.cat\/#\/schema\/logo\/image\/","url":"https:\/\/canix.cat\/wp-content\/uploads\/2024\/11\/logo-canix-sardinian-1.png","contentUrl":"https:\/\/canix.cat\/wp-content\/uploads\/2024\/11\/logo-canix-sardinian-1.png","width":350,"height":201,"caption":"CaniX"},"image":{"@id":"https:\/\/canix.cat\/#\/schema\/logo\/image\/"},"sameAs":["https:\/\/www.facebook.com\/canixcat","https:\/\/www.instagram.com\/canixcat"]}]}},"_links":{"self":[{"href":"https:\/\/canix.cat\/es\/wp-json\/wp\/v2\/product\/6536","targetHints":{"allow":["GET"]}}],"collection":[{"href":"https:\/\/canix.cat\/es\/wp-json\/wp\/v2\/product"}],"about":[{"href":"https:\/\/canix.cat\/es\/wp-json\/wp\/v2\/types\/product"}],"replies":[{"embeddable":true,"href":"https:\/\/canix.cat\/es\/wp-json\/wp\/v2\/comments?post=6536"}],"version-history":[{"count":12,"href":"https:\/\/canix.cat\/es\/wp-json\/wp\/v2\/product\/6536\/revisions"}],"predecessor-version":[{"id":7545,"href":"https:\/\/canix.cat\/es\/wp-json\/wp\/v2\/product\/6536\/revisions\/7545"}],"wp:featuredmedia":[{"embeddable":true,"href":"https:\/\/canix.cat\/es\/wp-json\/wp\/v2\/media\/6544"}],"wp:attachment":[{"href":"https:\/\/canix.cat\/es\/wp-json\/wp\/v2\/media?parent=6536"}],"wp:term":[{"taxonomy":"product_brand","embeddable":true,"href":"https:\/\/canix.cat\/es\/wp-json\/wp\/v2\/product_brand?post=6536"},{"taxonomy":"product_cat","embeddable":true,"href":"https:\/\/canix.cat\/es\/wp-json\/wp\/v2\/product_cat?post=6536"},{"taxonomy":"product_tag","embeddable":true,"href":"https:\/\/canix.cat\/es\/wp-json\/wp\/v2\/product_tag?post=6536"}],"curies":[{"name":"wp","href":"https:\/\/api.w.org\/{rel}","templated":true}]}}