{"id":6591,"date":"2024-11-29T11:25:00","date_gmt":"2024-11-29T10:25:00","guid":{"rendered":"https:\/\/canix.cat\/?post_type=product&#038;p=6591"},"modified":"2025-02-24T21:23:49","modified_gmt":"2025-02-24T20:23:49","slug":"mosqueto-dalliberacio-rapida-textil","status":"publish","type":"product","link":"https:\/\/canix.cat\/es\/product\/mosqueto-dalliberacio-rapida-textil\/","title":{"rendered":"Mosquet\u00f3n de liberaci\u00f3n r\u00e1pida textil"},"content":{"rendered":"<p>Practica canicross con seguridad, comodidad y ligereza gracias a este mosquet\u00f3n de liberaci\u00f3n r\u00e1pida de tela, especialmente dise\u00f1ado para optimizar tu experiencia con tu perro.<\/p>\n<p>Fabricado en materiales resistentes y ligeros, este mosquet\u00f3n combina una estructura robusta con una correa de tela de alta calidad, que garantiza una conexi\u00f3n segura y una f\u00e1cil manipulaci\u00f3n. El sistema de liberaci\u00f3n r\u00e1pida permite liberar a tu perro de forma r\u00e1pida y sin esfuerzos, incluso en situaciones de tensi\u00f3n o emergencia.<\/p>\n<p>Este mosquet\u00f3n es ideal para corredores de todos los niveles, puesto que su flexibilidad y dise\u00f1o ligero minimizan el peso y reducen las molestias tanto para ti como para tu compa\u00f1ero de cuatro patas. Compatible con cinturones, l\u00edneas de tiro y arneses, es un accesorio indispensable para entrenamientos diarios o competiciones de canicross.<\/p>\n<h5><strong>Caracter\u00edsticas principales:<\/strong><\/h5>\n<p><strong>\u2714 Material:<\/strong> Tela resistente y duradera con acabados reforzados.<\/p>\n<p>\u2714 <strong>Sistema de liberaci\u00f3n r\u00e1pida<\/strong>, seguro e intuitivo.<\/p>\n<p>\u2714 <strong>Peso ligero<\/strong> para una m\u00e1xima comodidad durante la actividad.<\/p>\n<p>Sea para entrenar o competir, conf\u00eda en ese mosquet\u00f3n de tela para ofrecerte seguridad, funcionalidad y libertad de movimiento. \u00a1Para disfrutar al m\u00e1ximo del canicross con tu mejor amigo! \ud83d\udc3e<\/p>","protected":false},"excerpt":{"rendered":"<p>Fabricado en materiales resistentes y ligeros, este mosquet\u00f3n combina una estructura robusta con una correa de tela de alta calidad, que garantiza una conexi\u00f3n segura y una f\u00e1cil manipulaci\u00f3n. El sistema de liberaci\u00f3n r\u00e1pida permite liberar a tu perro de forma r\u00e1pida y sin esfuerzos, incluso en situaciones de tensi\u00f3n o emergencia.<\/p>","protected":false},"featured_media":6596,"comment_status":"open","ping_status":"closed","template":"","meta":{"_joinchat":[]},"product_brand":[],"product_cat":[45],"product_tag":[93,109],"class_list":{"0":"post-6591","1":"product","2":"type-product","3":"status-publish","4":"has-post-thumbnail","6":"product_cat-accessoris","7":"product_tag-canicros","8":"product_tag-mosqueto-textil","9":"tm-no-options-pxq","11":"first","12":"instock","13":"taxable","14":"shipping-taxable","15":"purchasable","16":"product-type-variable"},"yoast_head":"<!-- This site is optimized with the Yoast SEO plugin v27.5 - https:\/\/yoast.com\/product\/yoast-seo-wordpress\/ -->\n<title>Mosquet\u00f3 d&#039;alliberaci\u00f3 r\u00e0pida t\u00e8xtil - CaniX<\/title>\n<meta name=\"description\" content=\"Mosquet\u00f3 combina una estructura robusta amb una corretja de tela d\u2019alta qualitat, que garanteix una connexi\u00f3 segura i una manipulaci\u00f3 f\u00e0cil. El sistema d\u2019alliberaci\u00f3 r\u00e0pida permet desenganxar el teu gos de forma r\u00e0pida i sense esfor\u00e7os, fins i tot en situacions de tensi\u00f3 o emerg\u00e8ncia.\" \/>\n<meta name=\"robots\" content=\"index, follow, max-snippet:-1, max-image-preview:large, max-video-preview:-1\" \/>\n<link rel=\"canonical\" href=\"https:\/\/canix.cat\/es\/producto\/mosqueto-dalliberacio-rapida-textil\/\" \/>\n<meta property=\"og:locale\" content=\"es_ES\" \/>\n<meta property=\"og:type\" content=\"article\" \/>\n<meta property=\"og:title\" content=\"Mosquet\u00f3 d&#039;alliberaci\u00f3 r\u00e0pida t\u00e8xtil - CaniX\" \/>\n<meta property=\"og:description\" content=\"Mosquet\u00f3 combina una estructura robusta amb una corretja de tela d\u2019alta qualitat, que garanteix una connexi\u00f3 segura i una manipulaci\u00f3 f\u00e0cil. El sistema d\u2019alliberaci\u00f3 r\u00e0pida permet desenganxar el teu gos de forma r\u00e0pida i sense esfor\u00e7os, fins i tot en situacions de tensi\u00f3 o emerg\u00e8ncia.\" \/>\n<meta property=\"og:url\" content=\"https:\/\/canix.cat\/es\/producto\/mosqueto-dalliberacio-rapida-textil\/\" \/>\n<meta property=\"og:site_name\" content=\"CaniX\" \/>\n<meta property=\"article:publisher\" content=\"https:\/\/www.facebook.com\/canixcat\" \/>\n<meta property=\"article:modified_time\" content=\"2025-02-24T20:23:49+00:00\" \/>\n<meta property=\"og:image\" content=\"https:\/\/canix.cat\/wp-content\/uploads\/2024\/11\/02-Sgancio-Rapido-Light-Canix-scaled-1.jpg\" \/>\n\t<meta property=\"og:image:width\" content=\"2560\" \/>\n\t<meta property=\"og:image:height\" content=\"1707\" \/>\n\t<meta property=\"og:image:type\" content=\"image\/jpeg\" \/>\n<meta name=\"twitter:card\" content=\"summary_large_image\" \/>\n<meta name=\"twitter:label1\" content=\"Tiempo de lectura\" \/>\n\t<meta name=\"twitter:data1\" content=\"2 minutos\" \/>\n<script type=\"application\/ld+json\" class=\"yoast-schema-graph\">{\"@context\":\"https:\\\/\\\/schema.org\",\"@graph\":[{\"@type\":\"WebPage\",\"@id\":\"https:\\\/\\\/canix.cat\\\/producte\\\/mosqueto-dalliberacio-rapida-textil\\\/\",\"url\":\"https:\\\/\\\/canix.cat\\\/producte\\\/mosqueto-dalliberacio-rapida-textil\\\/\",\"name\":\"Mosquet\u00f3 d'alliberaci\u00f3 r\u00e0pida t\u00e8xtil - CaniX\",\"isPartOf\":{\"@id\":\"https:\\\/\\\/canix.cat\\\/#website\"},\"primaryImageOfPage\":{\"@id\":\"https:\\\/\\\/canix.cat\\\/producte\\\/mosqueto-dalliberacio-rapida-textil\\\/#primaryimage\"},\"image\":{\"@id\":\"https:\\\/\\\/canix.cat\\\/producte\\\/mosqueto-dalliberacio-rapida-textil\\\/#primaryimage\"},\"thumbnailUrl\":\"https:\\\/\\\/canix.cat\\\/wp-content\\\/uploads\\\/2024\\\/11\\\/02-Sgancio-Rapido-Light-Canix-scaled-1.jpg\",\"datePublished\":\"2024-11-29T10:25:00+00:00\",\"dateModified\":\"2025-02-24T20:23:49+00:00\",\"description\":\"Mosquet\u00f3 combina una estructura robusta amb una corretja de tela d\u2019alta qualitat, que garanteix una connexi\u00f3 segura i una manipulaci\u00f3 f\u00e0cil. El sistema d\u2019alliberaci\u00f3 r\u00e0pida permet desenganxar el teu gos de forma r\u00e0pida i sense esfor\u00e7os, fins i tot en situacions de tensi\u00f3 o emerg\u00e8ncia.\",\"breadcrumb\":{\"@id\":\"https:\\\/\\\/canix.cat\\\/producte\\\/mosqueto-dalliberacio-rapida-textil\\\/#breadcrumb\"},\"inLanguage\":\"es\",\"potentialAction\":[{\"@type\":\"ReadAction\",\"target\":[\"https:\\\/\\\/canix.cat\\\/producte\\\/mosqueto-dalliberacio-rapida-textil\\\/\"]}]},{\"@type\":\"ImageObject\",\"inLanguage\":\"es\",\"@id\":\"https:\\\/\\\/canix.cat\\\/producte\\\/mosqueto-dalliberacio-rapida-textil\\\/#primaryimage\",\"url\":\"https:\\\/\\\/canix.cat\\\/wp-content\\\/uploads\\\/2024\\\/11\\\/02-Sgancio-Rapido-Light-Canix-scaled-1.jpg\",\"contentUrl\":\"https:\\\/\\\/canix.cat\\\/wp-content\\\/uploads\\\/2024\\\/11\\\/02-Sgancio-Rapido-Light-Canix-scaled-1.jpg\",\"width\":2560,\"height\":1707},{\"@type\":\"BreadcrumbList\",\"@id\":\"https:\\\/\\\/canix.cat\\\/producte\\\/mosqueto-dalliberacio-rapida-textil\\\/#breadcrumb\",\"itemListElement\":[{\"@type\":\"ListItem\",\"position\":1,\"name\":\"Portada\",\"item\":\"https:\\\/\\\/canix.cat\\\/\"},{\"@type\":\"ListItem\",\"position\":2,\"name\":\"Botiga\",\"item\":\"https:\\\/\\\/canix.cat\\\/botiga\\\/\"},{\"@type\":\"ListItem\",\"position\":3,\"name\":\"Mosquet\u00f3 d&#8217;alliberaci\u00f3 r\u00e0pida t\u00e8xtil\"}]},{\"@type\":\"WebSite\",\"@id\":\"https:\\\/\\\/canix.cat\\\/#website\",\"url\":\"https:\\\/\\\/canix.cat\\\/\",\"name\":\"CaniX\",\"description\":\"Equipament per a gossos esportistes\",\"publisher\":{\"@id\":\"https:\\\/\\\/canix.cat\\\/#organization\"},\"potentialAction\":[{\"@type\":\"SearchAction\",\"target\":{\"@type\":\"EntryPoint\",\"urlTemplate\":\"https:\\\/\\\/canix.cat\\\/?s={search_term_string}\"},\"query-input\":{\"@type\":\"PropertyValueSpecification\",\"valueRequired\":true,\"valueName\":\"search_term_string\"}}],\"inLanguage\":\"es\"},{\"@type\":\"Organization\",\"@id\":\"https:\\\/\\\/canix.cat\\\/#organization\",\"name\":\"CaniX\",\"url\":\"https:\\\/\\\/canix.cat\\\/\",\"logo\":{\"@type\":\"ImageObject\",\"inLanguage\":\"es\",\"@id\":\"https:\\\/\\\/canix.cat\\\/#\\\/schema\\\/logo\\\/image\\\/\",\"url\":\"https:\\\/\\\/canix.cat\\\/wp-content\\\/uploads\\\/2024\\\/11\\\/logo-canix-sardinian-1.png\",\"contentUrl\":\"https:\\\/\\\/canix.cat\\\/wp-content\\\/uploads\\\/2024\\\/11\\\/logo-canix-sardinian-1.png\",\"width\":350,\"height\":201,\"caption\":\"CaniX\"},\"image\":{\"@id\":\"https:\\\/\\\/canix.cat\\\/#\\\/schema\\\/logo\\\/image\\\/\"},\"sameAs\":[\"https:\\\/\\\/www.facebook.com\\\/canixcat\",\"https:\\\/\\\/www.instagram.com\\\/canixcat\"]}]}<\/script>\n<!-- \/ Yoast SEO plugin. -->","yoast_head_json":{"title":"Mosquet\u00f3n de liberaci\u00f3n r\u00e1pida textil - CaniX","description":"Mosquet\u00f3n combina una estructura robusta con una correa de tela de alta calidad, que garantiza una conexi\u00f3n segura y f\u00e1cil manipulaci\u00f3n. El sistema de liberaci\u00f3n r\u00e1pida permite despegar a tu perro de forma r\u00e1pida y sin esfuerzos, incluso en situaciones de tensi\u00f3n o emergencia.","robots":{"index":"index","follow":"follow","max-snippet":"max-snippet:-1","max-image-preview":"max-image-preview:large","max-video-preview":"max-video-preview:-1"},"canonical":"https:\/\/canix.cat\/es\/producto\/mosqueto-dalliberacio-rapida-textil\/","og_locale":"es_ES","og_type":"article","og_title":"Mosquet\u00f3 d'alliberaci\u00f3 r\u00e0pida t\u00e8xtil - CaniX","og_description":"Mosquet\u00f3 combina una estructura robusta amb una corretja de tela d\u2019alta qualitat, que garanteix una connexi\u00f3 segura i una manipulaci\u00f3 f\u00e0cil. El sistema d\u2019alliberaci\u00f3 r\u00e0pida permet desenganxar el teu gos de forma r\u00e0pida i sense esfor\u00e7os, fins i tot en situacions de tensi\u00f3 o emerg\u00e8ncia.","og_url":"https:\/\/canix.cat\/es\/producto\/mosqueto-dalliberacio-rapida-textil\/","og_site_name":"CaniX","article_publisher":"https:\/\/www.facebook.com\/canixcat","article_modified_time":"2025-02-24T20:23:49+00:00","og_image":[{"width":2560,"height":1707,"url":"https:\/\/canix.cat\/wp-content\/uploads\/2024\/11\/02-Sgancio-Rapido-Light-Canix-scaled-1.jpg","type":"image\/jpeg"}],"twitter_card":"summary_large_image","twitter_misc":{"Tiempo de lectura":"2 minutos"},"schema":{"@context":"https:\/\/schema.org","@graph":[{"@type":"WebPage","@id":"https:\/\/canix.cat\/producte\/mosqueto-dalliberacio-rapida-textil\/","url":"https:\/\/canix.cat\/producte\/mosqueto-dalliberacio-rapida-textil\/","name":"Mosquet\u00f3n de liberaci\u00f3n r\u00e1pida textil - CaniX","isPartOf":{"@id":"https:\/\/canix.cat\/#website"},"primaryImageOfPage":{"@id":"https:\/\/canix.cat\/producte\/mosqueto-dalliberacio-rapida-textil\/#primaryimage"},"image":{"@id":"https:\/\/canix.cat\/producte\/mosqueto-dalliberacio-rapida-textil\/#primaryimage"},"thumbnailUrl":"https:\/\/canix.cat\/wp-content\/uploads\/2024\/11\/02-Sgancio-Rapido-Light-Canix-scaled-1.jpg","datePublished":"2024-11-29T10:25:00+00:00","dateModified":"2025-02-24T20:23:49+00:00","description":"Mosquet\u00f3n combina una estructura robusta con una correa de tela de alta calidad, que garantiza una conexi\u00f3n segura y f\u00e1cil manipulaci\u00f3n. El sistema de liberaci\u00f3n r\u00e1pida permite despegar a tu perro de forma r\u00e1pida y sin esfuerzos, incluso en situaciones de tensi\u00f3n o emergencia.","breadcrumb":{"@id":"https:\/\/canix.cat\/producte\/mosqueto-dalliberacio-rapida-textil\/#breadcrumb"},"inLanguage":"es","potentialAction":[{"@type":"ReadAction","target":["https:\/\/canix.cat\/producte\/mosqueto-dalliberacio-rapida-textil\/"]}]},{"@type":"ImageObject","inLanguage":"es","@id":"https:\/\/canix.cat\/producte\/mosqueto-dalliberacio-rapida-textil\/#primaryimage","url":"https:\/\/canix.cat\/wp-content\/uploads\/2024\/11\/02-Sgancio-Rapido-Light-Canix-scaled-1.jpg","contentUrl":"https:\/\/canix.cat\/wp-content\/uploads\/2024\/11\/02-Sgancio-Rapido-Light-Canix-scaled-1.jpg","width":2560,"height":1707},{"@type":"BreadcrumbList","@id":"https:\/\/canix.cat\/producte\/mosqueto-dalliberacio-rapida-textil\/#breadcrumb","itemListElement":[{"@type":"ListItem","position":1,"name":"Portada","item":"https:\/\/canix.cat\/"},{"@type":"ListItem","position":2,"name":"Botiga","item":"https:\/\/canix.cat\/botiga\/"},{"@type":"ListItem","position":3,"name":"Mosquet\u00f3 d&#8217;alliberaci\u00f3 r\u00e0pida t\u00e8xtil"}]},{"@type":"WebSite","@id":"https:\/\/canix.cat\/#website","url":"https:\/\/canix.cat\/","name":"CaniX","description":"Equipamiento para perros deportistas","publisher":{"@id":"https:\/\/canix.cat\/#organization"},"potentialAction":[{"@type":"SearchAction","target":{"@type":"EntryPoint","urlTemplate":"https:\/\/canix.cat\/?s={search_term_string}"},"query-input":{"@type":"PropertyValueSpecification","valueRequired":true,"valueName":"search_term_string"}}],"inLanguage":"es"},{"@type":"Organization","@id":"https:\/\/canix.cat\/#organization","name":"CaniX","url":"https:\/\/canix.cat\/","logo":{"@type":"ImageObject","inLanguage":"es","@id":"https:\/\/canix.cat\/#\/schema\/logo\/image\/","url":"https:\/\/canix.cat\/wp-content\/uploads\/2024\/11\/logo-canix-sardinian-1.png","contentUrl":"https:\/\/canix.cat\/wp-content\/uploads\/2024\/11\/logo-canix-sardinian-1.png","width":350,"height":201,"caption":"CaniX"},"image":{"@id":"https:\/\/canix.cat\/#\/schema\/logo\/image\/"},"sameAs":["https:\/\/www.facebook.com\/canixcat","https:\/\/www.instagram.com\/canixcat"]}]}},"_links":{"self":[{"href":"https:\/\/canix.cat\/es\/wp-json\/wp\/v2\/product\/6591","targetHints":{"allow":["GET"]}}],"collection":[{"href":"https:\/\/canix.cat\/es\/wp-json\/wp\/v2\/product"}],"about":[{"href":"https:\/\/canix.cat\/es\/wp-json\/wp\/v2\/types\/product"}],"replies":[{"embeddable":true,"href":"https:\/\/canix.cat\/es\/wp-json\/wp\/v2\/comments?post=6591"}],"version-history":[{"count":8,"href":"https:\/\/canix.cat\/es\/wp-json\/wp\/v2\/product\/6591\/revisions"}],"predecessor-version":[{"id":6841,"href":"https:\/\/canix.cat\/es\/wp-json\/wp\/v2\/product\/6591\/revisions\/6841"}],"wp:featuredmedia":[{"embeddable":true,"href":"https:\/\/canix.cat\/es\/wp-json\/wp\/v2\/media\/6596"}],"wp:attachment":[{"href":"https:\/\/canix.cat\/es\/wp-json\/wp\/v2\/media?parent=6591"}],"wp:term":[{"taxonomy":"product_brand","embeddable":true,"href":"https:\/\/canix.cat\/es\/wp-json\/wp\/v2\/product_brand?post=6591"},{"taxonomy":"product_cat","embeddable":true,"href":"https:\/\/canix.cat\/es\/wp-json\/wp\/v2\/product_cat?post=6591"},{"taxonomy":"product_tag","embeddable":true,"href":"https:\/\/canix.cat\/es\/wp-json\/wp\/v2\/product_tag?post=6591"}],"curies":[{"name":"wp","href":"https:\/\/api.w.org\/{rel}","templated":true}]}}