{"id":6605,"date":"2024-11-29T11:29:00","date_gmt":"2024-11-29T10:29:00","guid":{"rendered":"https:\/\/canix.cat\/?post_type=product&#038;p=6605"},"modified":"2025-11-30T19:49:21","modified_gmt":"2025-11-30T18:49:21","slug":"llanca-canibtt","status":"publish","type":"product","link":"https:\/\/canix.cat\/es\/product\/llanca-canibtt\/","title":{"rendered":"Lanza por CaniBTT (bikej\u00f6ring)"},"content":{"rendered":"<p>La <strong>lanza o antena por caniBTT<\/strong> es el accesorio esencial para practicar deportes con perros de forma segura y eficiente. Este dispositivo, especialmente dise\u00f1ado para bicicletas y patinetes, mantiene la l\u00ednea de tiro del perro siempre elevada y alejada de las ruedas, evitando que se enrede y garantizando la seguridad tanto del corredor como del perro.<\/p>\n<p>Fabricada con materiales <strong>ligeros y resistentes<\/strong>, la antena destaca por su <strong>instalaci\u00f3n sencilla en la potencia de la bicicleta<\/strong>, asegurando una sujeci\u00f3n firme y estable que permite un uso seguro incluso en terrenos irregulares o durante maniobras bruscas.<\/p>\n<h5><strong>Caracter\u00edsticas principales:<\/strong><\/h5>\n<p><strong>\u2714 Material:<\/strong> Tefl\u00f3n negro, dise\u00f1ado para durar.<\/p>\n<p><strong>\u2714 Seguridad garantizada:<\/strong> Mantiene la l\u00ednea de tiro elevada, evitando enredamientos peligrosos.<\/p>\n<p><strong>\u2714 F\u00e1cil instalaci\u00f3n:<\/strong> Sacamos la potencia, colocamos la lanza en el tallo, apretamos los caracoles y listos.<\/p>\n<p><strong>\u2714 Dise\u00f1o ergon\u00f3mico:<\/strong> Pensado en mantener el equilibrio y facilitar el control durante la actividad.<\/p>\n<p><strong>\u2714 Ideal para entrenamientos y competiciones:<\/strong> Perfecto para bikejoring, patinetes y triciclos.<\/p>\n<p>Con esta antena, podr\u00e1s disfrutar de tus salidas con la tranquilidad de saber que tanto t\u00fa como tu perro est\u00e1n protegidos. \u00a1Es un imprescindible para cualquier amante del mushing que busca mejorar su experiencia deportiva! \ud83d\udc3e<\/p>","protected":false},"excerpt":{"rendered":"<p>La <strong>lanza o antena por caniBTT<\/strong> es el accesorio esencial para practicar deportes con perros de forma segura y eficiente. Este dispositivo, especialmente dise\u00f1ado para bicicletas y patinetes, mantiene la l\u00ednea de tiro del perro siempre elevada y alejada de las ruedas, evitando que se enrede y garantizando la seguridad tanto del corredor como del perro.<\/p>\n<p>Fabricada con materiales <strong>ligeros y resistentes<\/strong>, la antena destaca por su <strong>instalaci\u00f3n sencilla en la potencia de la bicicleta<\/strong>, asegurando una sujeci\u00f3n firme y estable que permite un uso seguro incluso en terrenos irregulares o durante maniobras bruscas.<\/p>","protected":false},"featured_media":6909,"comment_status":"open","ping_status":"closed","template":"","meta":{"_joinchat":{"telephone":"+34676623438"}},"product_brand":[],"product_cat":[45],"product_tag":[157,159,95,158,160],"class_list":{"0":"post-6605","1":"product","2":"type-product","3":"status-publish","4":"has-post-thumbnail","6":"product_cat-accessoris","7":"product_tag-antena","8":"product_tag-bikejoring","9":"product_tag-canibtt","10":"product_tag-llanca","11":"product_tag-scooter","12":"tm-no-options-pxq","14":"first","15":"instock","16":"taxable","17":"shipping-taxable","18":"purchasable","19":"product-type-simple"},"yoast_head":"<!-- This site is optimized with the Yoast SEO plugin v27.5 - https:\/\/yoast.com\/product\/yoast-seo-wordpress\/ -->\n<title>Llan\u00e7a per CaniBTT (bikej\u00f6ring) - CaniX antena de bikejoring - scooter<\/title>\n<meta name=\"description\" content=\"Llan\u00e7a o antena per caniBTT dissenyat per a bicicletes i patinets, mant\u00e9 la l\u00ednia de tir del gos sempre elevada i allunyada de les rodes, evitant que s\u2019enredi i garantint la seguretat tant del corredor com del gos.\" \/>\n<meta name=\"robots\" content=\"index, follow, max-snippet:-1, max-image-preview:large, max-video-preview:-1\" \/>\n<link rel=\"canonical\" href=\"https:\/\/canix.cat\/es\/producto\/llanca-canibtt\/\" \/>\n<meta property=\"og:locale\" content=\"es_ES\" \/>\n<meta property=\"og:type\" content=\"article\" \/>\n<meta property=\"og:title\" content=\"Llan\u00e7a per CaniBTT (bikej\u00f6ring) - CaniX antena de bikejoring - scooter\" \/>\n<meta property=\"og:description\" content=\"Llan\u00e7a o antena per caniBTT dissenyat per a bicicletes i patinets, mant\u00e9 la l\u00ednia de tir del gos sempre elevada i allunyada de les rodes, evitant que s\u2019enredi i garantint la seguretat tant del corredor com del gos.\" \/>\n<meta property=\"og:url\" content=\"https:\/\/canix.cat\/es\/producto\/llanca-canibtt\/\" \/>\n<meta property=\"og:site_name\" content=\"CaniX\" \/>\n<meta property=\"article:publisher\" content=\"https:\/\/www.facebook.com\/canixcat\" \/>\n<meta property=\"article:modified_time\" content=\"2025-11-30T18:49:21+00:00\" \/>\n<meta property=\"og:image\" content=\"https:\/\/canix.cat\/wp-content\/uploads\/2024\/11\/antena2.jpg\" \/>\n\t<meta property=\"og:image:width\" content=\"1536\" \/>\n\t<meta property=\"og:image:height\" content=\"2048\" \/>\n\t<meta property=\"og:image:type\" content=\"image\/jpeg\" \/>\n<meta name=\"twitter:card\" content=\"summary_large_image\" \/>\n<meta name=\"twitter:label1\" content=\"Tiempo de lectura\" \/>\n\t<meta name=\"twitter:data1\" content=\"2 minutos\" \/>\n<script type=\"application\/ld+json\" class=\"yoast-schema-graph\">{\"@context\":\"https:\\\/\\\/schema.org\",\"@graph\":[{\"@type\":\"WebPage\",\"@id\":\"https:\\\/\\\/canix.cat\\\/producte\\\/llanca-canibtt\\\/\",\"url\":\"https:\\\/\\\/canix.cat\\\/producte\\\/llanca-canibtt\\\/\",\"name\":\"Llan\u00e7a per CaniBTT (bikej\u00f6ring) - CaniX antena de bikejoring - scooter\",\"isPartOf\":{\"@id\":\"https:\\\/\\\/canix.cat\\\/#website\"},\"primaryImageOfPage\":{\"@id\":\"https:\\\/\\\/canix.cat\\\/producte\\\/llanca-canibtt\\\/#primaryimage\"},\"image\":{\"@id\":\"https:\\\/\\\/canix.cat\\\/producte\\\/llanca-canibtt\\\/#primaryimage\"},\"thumbnailUrl\":\"https:\\\/\\\/canix.cat\\\/wp-content\\\/uploads\\\/2024\\\/11\\\/antena2.jpg\",\"datePublished\":\"2024-11-29T10:29:00+00:00\",\"dateModified\":\"2025-11-30T18:49:21+00:00\",\"description\":\"Llan\u00e7a o antena per caniBTT dissenyat per a bicicletes i patinets, mant\u00e9 la l\u00ednia de tir del gos sempre elevada i allunyada de les rodes, evitant que s\u2019enredi i garantint la seguretat tant del corredor com del gos.\",\"breadcrumb\":{\"@id\":\"https:\\\/\\\/canix.cat\\\/producte\\\/llanca-canibtt\\\/#breadcrumb\"},\"inLanguage\":\"es\",\"potentialAction\":[{\"@type\":\"ReadAction\",\"target\":[\"https:\\\/\\\/canix.cat\\\/producte\\\/llanca-canibtt\\\/\"]}]},{\"@type\":\"ImageObject\",\"inLanguage\":\"es\",\"@id\":\"https:\\\/\\\/canix.cat\\\/producte\\\/llanca-canibtt\\\/#primaryimage\",\"url\":\"https:\\\/\\\/canix.cat\\\/wp-content\\\/uploads\\\/2024\\\/11\\\/antena2.jpg\",\"contentUrl\":\"https:\\\/\\\/canix.cat\\\/wp-content\\\/uploads\\\/2024\\\/11\\\/antena2.jpg\",\"width\":1536,\"height\":2048},{\"@type\":\"BreadcrumbList\",\"@id\":\"https:\\\/\\\/canix.cat\\\/producte\\\/llanca-canibtt\\\/#breadcrumb\",\"itemListElement\":[{\"@type\":\"ListItem\",\"position\":1,\"name\":\"Portada\",\"item\":\"https:\\\/\\\/canix.cat\\\/\"},{\"@type\":\"ListItem\",\"position\":2,\"name\":\"Botiga\",\"item\":\"https:\\\/\\\/canix.cat\\\/botiga\\\/\"},{\"@type\":\"ListItem\",\"position\":3,\"name\":\"Llan\u00e7a per CaniBTT (bikej\u00f6ring)\"}]},{\"@type\":\"WebSite\",\"@id\":\"https:\\\/\\\/canix.cat\\\/#website\",\"url\":\"https:\\\/\\\/canix.cat\\\/\",\"name\":\"CaniX\",\"description\":\"Equipament per a gossos esportistes\",\"publisher\":{\"@id\":\"https:\\\/\\\/canix.cat\\\/#organization\"},\"potentialAction\":[{\"@type\":\"SearchAction\",\"target\":{\"@type\":\"EntryPoint\",\"urlTemplate\":\"https:\\\/\\\/canix.cat\\\/?s={search_term_string}\"},\"query-input\":{\"@type\":\"PropertyValueSpecification\",\"valueRequired\":true,\"valueName\":\"search_term_string\"}}],\"inLanguage\":\"es\"},{\"@type\":\"Organization\",\"@id\":\"https:\\\/\\\/canix.cat\\\/#organization\",\"name\":\"CaniX\",\"url\":\"https:\\\/\\\/canix.cat\\\/\",\"logo\":{\"@type\":\"ImageObject\",\"inLanguage\":\"es\",\"@id\":\"https:\\\/\\\/canix.cat\\\/#\\\/schema\\\/logo\\\/image\\\/\",\"url\":\"https:\\\/\\\/canix.cat\\\/wp-content\\\/uploads\\\/2024\\\/11\\\/logo-canix-sardinian-1.png\",\"contentUrl\":\"https:\\\/\\\/canix.cat\\\/wp-content\\\/uploads\\\/2024\\\/11\\\/logo-canix-sardinian-1.png\",\"width\":350,\"height\":201,\"caption\":\"CaniX\"},\"image\":{\"@id\":\"https:\\\/\\\/canix.cat\\\/#\\\/schema\\\/logo\\\/image\\\/\"},\"sameAs\":[\"https:\\\/\\\/www.facebook.com\\\/canixcat\",\"https:\\\/\\\/www.instagram.com\\\/canixcat\"]}]}<\/script>\n<!-- \/ Yoast SEO plugin. -->","yoast_head_json":{"title":"Lanza por CaniBTT (bikej\u00f6ring) - CaniX antena de bikejoring - scooter","description":"Lanza o antena para caniBTT dise\u00f1ado para bicicletas y patinetes, mantiene la l\u00ednea de tiro del perro siempre elevada y alejada de las ruedas, evitando que se enrede y garantizando la seguridad tanto del corredor como del perro.","robots":{"index":"index","follow":"follow","max-snippet":"max-snippet:-1","max-image-preview":"max-image-preview:large","max-video-preview":"max-video-preview:-1"},"canonical":"https:\/\/canix.cat\/es\/producto\/llanca-canibtt\/","og_locale":"es_ES","og_type":"article","og_title":"Llan\u00e7a per CaniBTT (bikej\u00f6ring) - CaniX antena de bikejoring - scooter","og_description":"Llan\u00e7a o antena per caniBTT dissenyat per a bicicletes i patinets, mant\u00e9 la l\u00ednia de tir del gos sempre elevada i allunyada de les rodes, evitant que s\u2019enredi i garantint la seguretat tant del corredor com del gos.","og_url":"https:\/\/canix.cat\/es\/producto\/llanca-canibtt\/","og_site_name":"CaniX","article_publisher":"https:\/\/www.facebook.com\/canixcat","article_modified_time":"2025-11-30T18:49:21+00:00","og_image":[{"width":1536,"height":2048,"url":"https:\/\/canix.cat\/wp-content\/uploads\/2024\/11\/antena2.jpg","type":"image\/jpeg"}],"twitter_card":"summary_large_image","twitter_misc":{"Tiempo de lectura":"2 minutos"},"schema":{"@context":"https:\/\/schema.org","@graph":[{"@type":"WebPage","@id":"https:\/\/canix.cat\/producte\/llanca-canibtt\/","url":"https:\/\/canix.cat\/producte\/llanca-canibtt\/","name":"Lanza por CaniBTT (bikej\u00f6ring) - CaniX antena de bikejoring - scooter","isPartOf":{"@id":"https:\/\/canix.cat\/#website"},"primaryImageOfPage":{"@id":"https:\/\/canix.cat\/producte\/llanca-canibtt\/#primaryimage"},"image":{"@id":"https:\/\/canix.cat\/producte\/llanca-canibtt\/#primaryimage"},"thumbnailUrl":"https:\/\/canix.cat\/wp-content\/uploads\/2024\/11\/antena2.jpg","datePublished":"2024-11-29T10:29:00+00:00","dateModified":"2025-11-30T18:49:21+00:00","description":"Lanza o antena para caniBTT dise\u00f1ado para bicicletas y patinetes, mantiene la l\u00ednea de tiro del perro siempre elevada y alejada de las ruedas, evitando que se enrede y garantizando la seguridad tanto del corredor como del perro.","breadcrumb":{"@id":"https:\/\/canix.cat\/producte\/llanca-canibtt\/#breadcrumb"},"inLanguage":"es","potentialAction":[{"@type":"ReadAction","target":["https:\/\/canix.cat\/producte\/llanca-canibtt\/"]}]},{"@type":"ImageObject","inLanguage":"es","@id":"https:\/\/canix.cat\/producte\/llanca-canibtt\/#primaryimage","url":"https:\/\/canix.cat\/wp-content\/uploads\/2024\/11\/antena2.jpg","contentUrl":"https:\/\/canix.cat\/wp-content\/uploads\/2024\/11\/antena2.jpg","width":1536,"height":2048},{"@type":"BreadcrumbList","@id":"https:\/\/canix.cat\/producte\/llanca-canibtt\/#breadcrumb","itemListElement":[{"@type":"ListItem","position":1,"name":"Portada","item":"https:\/\/canix.cat\/"},{"@type":"ListItem","position":2,"name":"Botiga","item":"https:\/\/canix.cat\/botiga\/"},{"@type":"ListItem","position":3,"name":"Llan\u00e7a per CaniBTT (bikej\u00f6ring)"}]},{"@type":"WebSite","@id":"https:\/\/canix.cat\/#website","url":"https:\/\/canix.cat\/","name":"CaniX","description":"Equipamiento para perros deportistas","publisher":{"@id":"https:\/\/canix.cat\/#organization"},"potentialAction":[{"@type":"SearchAction","target":{"@type":"EntryPoint","urlTemplate":"https:\/\/canix.cat\/?s={search_term_string}"},"query-input":{"@type":"PropertyValueSpecification","valueRequired":true,"valueName":"search_term_string"}}],"inLanguage":"es"},{"@type":"Organization","@id":"https:\/\/canix.cat\/#organization","name":"CaniX","url":"https:\/\/canix.cat\/","logo":{"@type":"ImageObject","inLanguage":"es","@id":"https:\/\/canix.cat\/#\/schema\/logo\/image\/","url":"https:\/\/canix.cat\/wp-content\/uploads\/2024\/11\/logo-canix-sardinian-1.png","contentUrl":"https:\/\/canix.cat\/wp-content\/uploads\/2024\/11\/logo-canix-sardinian-1.png","width":350,"height":201,"caption":"CaniX"},"image":{"@id":"https:\/\/canix.cat\/#\/schema\/logo\/image\/"},"sameAs":["https:\/\/www.facebook.com\/canixcat","https:\/\/www.instagram.com\/canixcat"]}]}},"_links":{"self":[{"href":"https:\/\/canix.cat\/es\/wp-json\/wp\/v2\/product\/6605","targetHints":{"allow":["GET"]}}],"collection":[{"href":"https:\/\/canix.cat\/es\/wp-json\/wp\/v2\/product"}],"about":[{"href":"https:\/\/canix.cat\/es\/wp-json\/wp\/v2\/types\/product"}],"replies":[{"embeddable":true,"href":"https:\/\/canix.cat\/es\/wp-json\/wp\/v2\/comments?post=6605"}],"version-history":[{"count":10,"href":"https:\/\/canix.cat\/es\/wp-json\/wp\/v2\/product\/6605\/revisions"}],"predecessor-version":[{"id":8625,"href":"https:\/\/canix.cat\/es\/wp-json\/wp\/v2\/product\/6605\/revisions\/8625"}],"wp:featuredmedia":[{"embeddable":true,"href":"https:\/\/canix.cat\/es\/wp-json\/wp\/v2\/media\/6909"}],"wp:attachment":[{"href":"https:\/\/canix.cat\/es\/wp-json\/wp\/v2\/media?parent=6605"}],"wp:term":[{"taxonomy":"product_brand","embeddable":true,"href":"https:\/\/canix.cat\/es\/wp-json\/wp\/v2\/product_brand?post=6605"},{"taxonomy":"product_cat","embeddable":true,"href":"https:\/\/canix.cat\/es\/wp-json\/wp\/v2\/product_cat?post=6605"},{"taxonomy":"product_tag","embeddable":true,"href":"https:\/\/canix.cat\/es\/wp-json\/wp\/v2\/product_tag?post=6605"}],"curies":[{"name":"wp","href":"https:\/\/api.w.org\/{rel}","templated":true}]}}