{"id":7019,"date":"2025-02-03T22:36:32","date_gmt":"2025-02-03T21:36:32","guid":{"rendered":"https:\/\/canix.cat\/?post_type=product&#038;p=7019"},"modified":"2025-11-30T20:12:59","modified_gmt":"2025-11-30T19:12:59","slug":"cinturo-canicross-easyrun","status":"publish","type":"product","link":"https:\/\/canix.cat\/es\/product\/cinturo-canicross-easyrun\/","title":{"rendered":"Cintur\u00f3n Easyrun"},"content":{"rendered":"<h5><strong>Cintur\u00f3n para canicross o canitrekking<\/strong><\/h5>\n<p data-start=\"138\" data-end=\"353\">El <strong data-start=\"141\" data-end=\"161\">Cintur\u00f3n Easy Run<\/strong> es el accesorio ideal para disfrutar del canicross y el canitrekking con comodidad y seguridad. Dise\u00f1ado para ser <strong data-start=\"271\" data-end=\"295\">sencillo y polivalente<\/strong>, se adapta a cualquier nivel de experiencia y actividad.<\/p>\n<h5><strong>Caracter\u00edsticas principales:<\/strong><\/h5>\n<p>\u2714 <strong data-start=\"357\" data-end=\"380\">Confort y calidad:<\/strong> Fabricado con <strong data-start=\"394\" data-end=\"423\">poli\u00e9ster de alta calidad <\/strong>para ofrecer el m\u00e1ximo confort incluso en rutas largas.<\/p>\n<p><strong data-start=\"524\" data-end=\"558\">\u2714 Seguridad en cualquier momento:<\/strong> Incorpora una <strong data-start=\"573\" data-end=\"594\">franja reflectante<\/strong> para mejorar la visibilidad en condiciones de poca luz.<\/p>\n<p><strong data-start=\"760\" data-end=\"783\">\u2714 Variedad de tallas:<\/strong> Disponible en diferentes tama\u00f1os:<\/p>\n<ul data-start=\"820\" data-end=\"1049\">\n<li data-start=\"820\" data-end=\"842\"><strong data-start=\"822\" data-end=\"840\">Talla infantil<\/strong><\/li>\n<li data-start=\"846\" data-end=\"878\"><strong data-start=\"848\" data-end=\"853\">M<\/strong> (normalmente para mujeres)<\/li>\n<li data-start=\"882\" data-end=\"914\"><strong data-start=\"884\" data-end=\"889\">L<\/strong> (normalmente para hombres)<\/li>\n<li data-start=\"918\" data-end=\"1049\"><strong data-start=\"920\" data-end=\"926\">XL<\/strong><\/li>\n<\/ul>\n<p data-start=\"1051\" data-end=\"1162\">\u00a1Elige tu color favorito y empieza a disfrutar de la aventura con tu mejor amigo de cuatro patas! \ud83d\udc15\ud83c\udfc3\u200d\u2642\ufe0f<\/p>","protected":false},"excerpt":{"rendered":"<p>Cintur\u00f3n para canicross o canitrekking. El Cintur\u00f3n Easy Run es el accesorio ideal para disfrutar del canicross y el canitrekking con comodidad y seguridad. Dise\u00f1ado para ser sencillo y polivalente, se adapta a cualquier nivel de experiencia y actividad.<\/p>","protected":false},"featured_media":6569,"comment_status":"open","ping_status":"closed","template":"","meta":{"_joinchat":[]},"product_brand":[],"product_cat":[33],"product_tag":[93,163,171,175,174,94],"class_list":{"0":"post-7019","1":"product","2":"type-product","3":"status-publish","4":"has-post-thumbnail","6":"product_cat-cinturons","7":"product_tag-canicros","8":"product_tag-canicross","9":"product_tag-canitrekking","10":"product_tag-cinturo","11":"product_tag-iniciacio","12":"product_tag-trekking","13":"tm-no-options-pxq","15":"first","16":"instock","17":"sale","18":"taxable","19":"shipping-taxable","20":"purchasable","21":"product-type-variable","22":"has-default-attributes"},"yoast_head":"<!-- This site is optimized with the Yoast SEO plugin v27.5 - https:\/\/yoast.com\/product\/yoast-seo-wordpress\/ -->\n<title>Cintur\u00f3 Easyrun - CaniX - cintur\u00f3 canicross iniciaci\u00f3<\/title>\n<meta name=\"description\" content=\"Cintur\u00f3 per a canicross o per a canitrekking. Dissenyat per ser senzill i polivalent, s\u2019adapta a qualsevol nivell d\u2019experi\u00e8ncia i activitat.\" \/>\n<meta name=\"robots\" content=\"index, follow, max-snippet:-1, max-image-preview:large, max-video-preview:-1\" \/>\n<link rel=\"canonical\" href=\"https:\/\/canix.cat\/es\/producto\/cinturo-canicross-easyrun\/\" \/>\n<meta property=\"og:locale\" content=\"es_ES\" \/>\n<meta property=\"og:type\" content=\"article\" \/>\n<meta property=\"og:title\" content=\"Cintur\u00f3 Easyrun - CaniX - cintur\u00f3 canicross iniciaci\u00f3\" \/>\n<meta property=\"og:description\" content=\"Cintur\u00f3 per a canicross o per a canitrekking. Dissenyat per ser senzill i polivalent, s\u2019adapta a qualsevol nivell d\u2019experi\u00e8ncia i activitat.\" \/>\n<meta property=\"og:url\" content=\"https:\/\/canix.cat\/es\/producto\/cinturo-canicross-easyrun\/\" \/>\n<meta property=\"og:site_name\" content=\"CaniX\" \/>\n<meta property=\"article:publisher\" content=\"https:\/\/www.facebook.com\/canixcat\" \/>\n<meta property=\"article:modified_time\" content=\"2025-11-30T19:12:59+00:00\" \/>\n<meta property=\"og:image\" content=\"https:\/\/canix.cat\/wp-content\/uploads\/2024\/11\/cinturo-easy-run.jpg\" \/>\n\t<meta property=\"og:image:width\" content=\"2560\" \/>\n\t<meta property=\"og:image:height\" content=\"1706\" \/>\n\t<meta property=\"og:image:type\" content=\"image\/jpeg\" \/>\n<meta name=\"twitter:card\" content=\"summary_large_image\" \/>\n<meta name=\"twitter:label1\" content=\"Tiempo de lectura\" \/>\n\t<meta name=\"twitter:data1\" content=\"1 minuto\" \/>\n<script type=\"application\/ld+json\" class=\"yoast-schema-graph\">{\"@context\":\"https:\\\/\\\/schema.org\",\"@graph\":[{\"@type\":\"WebPage\",\"@id\":\"https:\\\/\\\/canix.cat\\\/producte\\\/cinturo-canicross-easyrun\\\/\",\"url\":\"https:\\\/\\\/canix.cat\\\/producte\\\/cinturo-canicross-easyrun\\\/\",\"name\":\"Cintur\u00f3 Easyrun - CaniX - cintur\u00f3 canicross iniciaci\u00f3\",\"isPartOf\":{\"@id\":\"https:\\\/\\\/canix.cat\\\/#website\"},\"primaryImageOfPage\":{\"@id\":\"https:\\\/\\\/canix.cat\\\/producte\\\/cinturo-canicross-easyrun\\\/#primaryimage\"},\"image\":{\"@id\":\"https:\\\/\\\/canix.cat\\\/producte\\\/cinturo-canicross-easyrun\\\/#primaryimage\"},\"thumbnailUrl\":\"https:\\\/\\\/canix.cat\\\/wp-content\\\/uploads\\\/2024\\\/11\\\/cinturo-easy-run.jpg\",\"datePublished\":\"2025-02-03T21:36:32+00:00\",\"dateModified\":\"2025-11-30T19:12:59+00:00\",\"description\":\"Cintur\u00f3 per a canicross o per a canitrekking. Dissenyat per ser senzill i polivalent, s\u2019adapta a qualsevol nivell d\u2019experi\u00e8ncia i activitat.\",\"breadcrumb\":{\"@id\":\"https:\\\/\\\/canix.cat\\\/producte\\\/cinturo-canicross-easyrun\\\/#breadcrumb\"},\"inLanguage\":\"es\",\"potentialAction\":[{\"@type\":\"ReadAction\",\"target\":[\"https:\\\/\\\/canix.cat\\\/producte\\\/cinturo-canicross-easyrun\\\/\"]}]},{\"@type\":\"ImageObject\",\"inLanguage\":\"es\",\"@id\":\"https:\\\/\\\/canix.cat\\\/producte\\\/cinturo-canicross-easyrun\\\/#primaryimage\",\"url\":\"https:\\\/\\\/canix.cat\\\/wp-content\\\/uploads\\\/2024\\\/11\\\/cinturo-easy-run.jpg\",\"contentUrl\":\"https:\\\/\\\/canix.cat\\\/wp-content\\\/uploads\\\/2024\\\/11\\\/cinturo-easy-run.jpg\",\"width\":2560,\"height\":1706},{\"@type\":\"BreadcrumbList\",\"@id\":\"https:\\\/\\\/canix.cat\\\/producte\\\/cinturo-canicross-easyrun\\\/#breadcrumb\",\"itemListElement\":[{\"@type\":\"ListItem\",\"position\":1,\"name\":\"Portada\",\"item\":\"https:\\\/\\\/canix.cat\\\/\"},{\"@type\":\"ListItem\",\"position\":2,\"name\":\"Botiga\",\"item\":\"https:\\\/\\\/canix.cat\\\/botiga\\\/\"},{\"@type\":\"ListItem\",\"position\":3,\"name\":\"Cintur\u00f3 Easyrun\"}]},{\"@type\":\"WebSite\",\"@id\":\"https:\\\/\\\/canix.cat\\\/#website\",\"url\":\"https:\\\/\\\/canix.cat\\\/\",\"name\":\"CaniX\",\"description\":\"Equipament per a gossos esportistes\",\"publisher\":{\"@id\":\"https:\\\/\\\/canix.cat\\\/#organization\"},\"potentialAction\":[{\"@type\":\"SearchAction\",\"target\":{\"@type\":\"EntryPoint\",\"urlTemplate\":\"https:\\\/\\\/canix.cat\\\/?s={search_term_string}\"},\"query-input\":{\"@type\":\"PropertyValueSpecification\",\"valueRequired\":true,\"valueName\":\"search_term_string\"}}],\"inLanguage\":\"es\"},{\"@type\":\"Organization\",\"@id\":\"https:\\\/\\\/canix.cat\\\/#organization\",\"name\":\"CaniX\",\"url\":\"https:\\\/\\\/canix.cat\\\/\",\"logo\":{\"@type\":\"ImageObject\",\"inLanguage\":\"es\",\"@id\":\"https:\\\/\\\/canix.cat\\\/#\\\/schema\\\/logo\\\/image\\\/\",\"url\":\"https:\\\/\\\/canix.cat\\\/wp-content\\\/uploads\\\/2024\\\/11\\\/logo-canix-sardinian-1.png\",\"contentUrl\":\"https:\\\/\\\/canix.cat\\\/wp-content\\\/uploads\\\/2024\\\/11\\\/logo-canix-sardinian-1.png\",\"width\":350,\"height\":201,\"caption\":\"CaniX\"},\"image\":{\"@id\":\"https:\\\/\\\/canix.cat\\\/#\\\/schema\\\/logo\\\/image\\\/\"},\"sameAs\":[\"https:\\\/\\\/www.facebook.com\\\/canixcat\",\"https:\\\/\\\/www.instagram.com\\\/canixcat\"]}]}<\/script>\n<!-- \/ Yoast SEO plugin. -->","yoast_head_json":{"title":"Cintur\u00f3n Easyrun - CaniX - cintur\u00f3n canicross iniciaci\u00f3n","description":"Cintur\u00f3n para canicross o canitrekking. Dise\u00f1ado para ser sencillo y polivalente, se adapta a cualquier nivel de experiencia y actividad.","robots":{"index":"index","follow":"follow","max-snippet":"max-snippet:-1","max-image-preview":"max-image-preview:large","max-video-preview":"max-video-preview:-1"},"canonical":"https:\/\/canix.cat\/es\/producto\/cinturo-canicross-easyrun\/","og_locale":"es_ES","og_type":"article","og_title":"Cintur\u00f3 Easyrun - CaniX - cintur\u00f3 canicross iniciaci\u00f3","og_description":"Cintur\u00f3 per a canicross o per a canitrekking. Dissenyat per ser senzill i polivalent, s\u2019adapta a qualsevol nivell d\u2019experi\u00e8ncia i activitat.","og_url":"https:\/\/canix.cat\/es\/producto\/cinturo-canicross-easyrun\/","og_site_name":"CaniX","article_publisher":"https:\/\/www.facebook.com\/canixcat","article_modified_time":"2025-11-30T19:12:59+00:00","og_image":[{"width":2560,"height":1706,"url":"https:\/\/canix.cat\/wp-content\/uploads\/2024\/11\/cinturo-easy-run.jpg","type":"image\/jpeg"}],"twitter_card":"summary_large_image","twitter_misc":{"Tiempo de lectura":"1 minuto"},"schema":{"@context":"https:\/\/schema.org","@graph":[{"@type":"WebPage","@id":"https:\/\/canix.cat\/producte\/cinturo-canicross-easyrun\/","url":"https:\/\/canix.cat\/producte\/cinturo-canicross-easyrun\/","name":"Cintur\u00f3n Easyrun - CaniX - cintur\u00f3n canicross iniciaci\u00f3n","isPartOf":{"@id":"https:\/\/canix.cat\/#website"},"primaryImageOfPage":{"@id":"https:\/\/canix.cat\/producte\/cinturo-canicross-easyrun\/#primaryimage"},"image":{"@id":"https:\/\/canix.cat\/producte\/cinturo-canicross-easyrun\/#primaryimage"},"thumbnailUrl":"https:\/\/canix.cat\/wp-content\/uploads\/2024\/11\/cinturo-easy-run.jpg","datePublished":"2025-02-03T21:36:32+00:00","dateModified":"2025-11-30T19:12:59+00:00","description":"Cintur\u00f3n para canicross o canitrekking. Dise\u00f1ado para ser sencillo y polivalente, se adapta a cualquier nivel de experiencia y actividad.","breadcrumb":{"@id":"https:\/\/canix.cat\/producte\/cinturo-canicross-easyrun\/#breadcrumb"},"inLanguage":"es","potentialAction":[{"@type":"ReadAction","target":["https:\/\/canix.cat\/producte\/cinturo-canicross-easyrun\/"]}]},{"@type":"ImageObject","inLanguage":"es","@id":"https:\/\/canix.cat\/producte\/cinturo-canicross-easyrun\/#primaryimage","url":"https:\/\/canix.cat\/wp-content\/uploads\/2024\/11\/cinturo-easy-run.jpg","contentUrl":"https:\/\/canix.cat\/wp-content\/uploads\/2024\/11\/cinturo-easy-run.jpg","width":2560,"height":1706},{"@type":"BreadcrumbList","@id":"https:\/\/canix.cat\/producte\/cinturo-canicross-easyrun\/#breadcrumb","itemListElement":[{"@type":"ListItem","position":1,"name":"Portada","item":"https:\/\/canix.cat\/"},{"@type":"ListItem","position":2,"name":"Botiga","item":"https:\/\/canix.cat\/botiga\/"},{"@type":"ListItem","position":3,"name":"Cintur\u00f3 Easyrun"}]},{"@type":"WebSite","@id":"https:\/\/canix.cat\/#website","url":"https:\/\/canix.cat\/","name":"CaniX","description":"Equipamiento para perros deportistas","publisher":{"@id":"https:\/\/canix.cat\/#organization"},"potentialAction":[{"@type":"SearchAction","target":{"@type":"EntryPoint","urlTemplate":"https:\/\/canix.cat\/?s={search_term_string}"},"query-input":{"@type":"PropertyValueSpecification","valueRequired":true,"valueName":"search_term_string"}}],"inLanguage":"es"},{"@type":"Organization","@id":"https:\/\/canix.cat\/#organization","name":"CaniX","url":"https:\/\/canix.cat\/","logo":{"@type":"ImageObject","inLanguage":"es","@id":"https:\/\/canix.cat\/#\/schema\/logo\/image\/","url":"https:\/\/canix.cat\/wp-content\/uploads\/2024\/11\/logo-canix-sardinian-1.png","contentUrl":"https:\/\/canix.cat\/wp-content\/uploads\/2024\/11\/logo-canix-sardinian-1.png","width":350,"height":201,"caption":"CaniX"},"image":{"@id":"https:\/\/canix.cat\/#\/schema\/logo\/image\/"},"sameAs":["https:\/\/www.facebook.com\/canixcat","https:\/\/www.instagram.com\/canixcat"]}]}},"_links":{"self":[{"href":"https:\/\/canix.cat\/es\/wp-json\/wp\/v2\/product\/7019","targetHints":{"allow":["GET"]}}],"collection":[{"href":"https:\/\/canix.cat\/es\/wp-json\/wp\/v2\/product"}],"about":[{"href":"https:\/\/canix.cat\/es\/wp-json\/wp\/v2\/types\/product"}],"replies":[{"embeddable":true,"href":"https:\/\/canix.cat\/es\/wp-json\/wp\/v2\/comments?post=7019"}],"version-history":[{"count":14,"href":"https:\/\/canix.cat\/es\/wp-json\/wp\/v2\/product\/7019\/revisions"}],"predecessor-version":[{"id":8628,"href":"https:\/\/canix.cat\/es\/wp-json\/wp\/v2\/product\/7019\/revisions\/8628"}],"wp:featuredmedia":[{"embeddable":true,"href":"https:\/\/canix.cat\/es\/wp-json\/wp\/v2\/media\/6569"}],"wp:attachment":[{"href":"https:\/\/canix.cat\/es\/wp-json\/wp\/v2\/media?parent=7019"}],"wp:term":[{"taxonomy":"product_brand","embeddable":true,"href":"https:\/\/canix.cat\/es\/wp-json\/wp\/v2\/product_brand?post=7019"},{"taxonomy":"product_cat","embeddable":true,"href":"https:\/\/canix.cat\/es\/wp-json\/wp\/v2\/product_cat?post=7019"},{"taxonomy":"product_tag","embeddable":true,"href":"https:\/\/canix.cat\/es\/wp-json\/wp\/v2\/product_tag?post=7019"}],"curies":[{"name":"wp","href":"https:\/\/api.w.org\/{rel}","templated":true}]}}